{"id":48098,"date":"2023-12-12T10:56:49","date_gmt":"2023-12-12T09:56:49","guid":{"rendered":"https:\/\/pet-shopping.de\/shop\/produkt\/karlie-flamingo-katzenangel-mit-plueschrute-100-cm\/"},"modified":"2023-12-12T10:56:50","modified_gmt":"2023-12-12T09:56:50","slug":"karlie-flamingo-katzenangel-mit-plueschrute-100-cm","status":"publish","type":"product","link":"https:\/\/all-pets.de\/shop\/produkt\/karlie-flamingo-katzenangel-mit-plueschrute-100-cm\/","title":{"rendered":"Karlie Flamingo Katzenangel mit Pl\u00fcschrute &#8211; 100 cm"},"content":{"rendered":"<p>Mit der Katzenangel mit Pl\u00fcschrute kann der Spielspa\u00df richtig losgehen. Die flauschige Rute wird im Nu den Jagdinstinkt Ihrer Samtpfote wecken und Ihre Katze wird die Interaktion mit Ihnen genie\u00dfen!<\/p>\n<p>L\u00e4nge der Rute: ca. 100 cm (inkl. B\u00e4ndern am Ende)<br \/> L\u00e4nge des Stabs: ca. 50 cm<br \/> 1 St\u00fcck<br \/> Diverse Farben. Eine Farbwahl ist leider nicht m\u00f6glich, da die Farbe je nach Lagerbestand gew\u00e4hlt wird.<\/p>\n","protected":false},"excerpt":{"rendered":"<p>Mit der Katzenangel mit Pl\u00fcschrute kann der Spielspa\u00df richtig losgehen. Die flauschige Rute wird im Nu den Jagdinstinkt Ihrer Samtpfote wecken und Ihre Katze wird die Interaktion mit Ihnen genie\u00dfen! L\u00e4nge der Rute: ca. 100 cm (inkl. B\u00e4ndern am Ende) L\u00e4nge des Stabs: ca. 50 cm 1 St\u00fcck Diverse Farben. Eine Farbwahl ist leider nicht [&hellip;]<\/p>\n","protected":false},"featured_media":15910,"comment_status":"closed","ping_status":"open","template":"","meta":[],"product_cat":[13881],"product_tag":[],"class_list":{"0":"post-48098","1":"product","2":"type-product","3":"status-publish","4":"has-post-thumbnail","6":"product_cat-katzenspielangeln-co-katzenspielzeug","8":"first","9":"instock","10":"taxable","11":"shipping-taxable","12":"purchasable","13":"product-type-simple"},"_links":{"self":[{"href":"https:\/\/all-pets.de\/shop\/wp-json\/wp\/v2\/product\/48098","targetHints":{"allow":["GET"]}}],"collection":[{"href":"https:\/\/all-pets.de\/shop\/wp-json\/wp\/v2\/product"}],"about":[{"href":"https:\/\/all-pets.de\/shop\/wp-json\/wp\/v2\/types\/product"}],"replies":[{"embeddable":true,"href":"https:\/\/all-pets.de\/shop\/wp-json\/wp\/v2\/comments?post=48098"}],"wp:featuredmedia":[{"embeddable":true,"href":"https:\/\/all-pets.de\/shop\/wp-json\/wp\/v2\/media\/15910"}],"wp:attachment":[{"href":"https:\/\/all-pets.de\/shop\/wp-json\/wp\/v2\/media?parent=48098"}],"wp:term":[{"taxonomy":"product_cat","embeddable":true,"href":"https:\/\/all-pets.de\/shop\/wp-json\/wp\/v2\/product_cat?post=48098"},{"taxonomy":"product_tag","embeddable":true,"href":"https:\/\/all-pets.de\/shop\/wp-json\/wp\/v2\/product_tag?post=48098"}],"curies":[{"name":"wp","href":"https:\/\/api.w.org\/{rel}","templated":true}]}}