{"id":48099,"date":"2023-12-12T10:56:49","date_gmt":"2023-12-12T09:56:49","guid":{"rendered":"https:\/\/pet-shopping.de\/shop\/produkt\/karlie-flamingo-kotbeutel-regenbogen-12-x-20-stueck\/"},"modified":"2023-12-12T10:56:50","modified_gmt":"2023-12-12T09:56:50","slug":"karlie-flamingo-kotbeutel-regenbogen-12-x-20-stueck","status":"publish","type":"product","link":"https:\/\/all-pets.de\/shop\/produkt\/karlie-flamingo-kotbeutel-regenbogen-12-x-20-stueck\/","title":{"rendered":"Karlie Flamingo Kotbeutel Regenbogen &#8211; 12 x 20 St\u00fcck"},"content":{"rendered":"<p>Die fr\u00f6hlich bunten Hundekotbeutel bringen Farbe in den Alltag. <\/p>\n<p>Eine Rolle enth\u00e4lt 20 Kotbeutel aus abbaubarem, umweltfreundlichem Material und passt perfekt in die handels\u00fcblichen Kotbeutel-Halter. <\/p>\n<p>Inhalt: 12 Rollen<\/p>\n","protected":false},"excerpt":{"rendered":"<p>Die fr\u00f6hlich bunten Hundekotbeutel bringen Farbe in den Alltag. Eine Rolle enth\u00e4lt 20 Kotbeutel aus abbaubarem, umweltfreundlichem Material und passt perfekt in die handels\u00fcblichen Kotbeutel-Halter. Inhalt: 12 Rollen<\/p>\n","protected":false},"featured_media":569,"comment_status":"closed","ping_status":"open","template":"","meta":[],"product_cat":[13757],"product_tag":[],"class_list":{"0":"post-48099","1":"product","2":"type-product","3":"status-publish","4":"has-post-thumbnail","6":"product_cat-hundetoiletten-hygiene","8":"first","9":"instock","10":"taxable","11":"shipping-taxable","12":"purchasable","13":"product-type-simple"},"_links":{"self":[{"href":"https:\/\/all-pets.de\/shop\/wp-json\/wp\/v2\/product\/48099","targetHints":{"allow":["GET"]}}],"collection":[{"href":"https:\/\/all-pets.de\/shop\/wp-json\/wp\/v2\/product"}],"about":[{"href":"https:\/\/all-pets.de\/shop\/wp-json\/wp\/v2\/types\/product"}],"replies":[{"embeddable":true,"href":"https:\/\/all-pets.de\/shop\/wp-json\/wp\/v2\/comments?post=48099"}],"wp:featuredmedia":[{"embeddable":true,"href":"https:\/\/all-pets.de\/shop\/wp-json\/wp\/v2\/media\/569"}],"wp:attachment":[{"href":"https:\/\/all-pets.de\/shop\/wp-json\/wp\/v2\/media?parent=48099"}],"wp:term":[{"taxonomy":"product_cat","embeddable":true,"href":"https:\/\/all-pets.de\/shop\/wp-json\/wp\/v2\/product_cat?post=48099"},{"taxonomy":"product_tag","embeddable":true,"href":"https:\/\/all-pets.de\/shop\/wp-json\/wp\/v2\/product_tag?post=48099"}],"curies":[{"name":"wp","href":"https:\/\/api.w.org\/{rel}","templated":true}]}}