{"id":48101,"date":"2023-12-12T10:56:49","date_gmt":"2023-12-12T09:56:49","guid":{"rendered":"https:\/\/pet-shopping.de\/shop\/produkt\/karlie-flamingo-hundespielzeug-pluesch-burger\/"},"modified":"2023-12-12T10:56:50","modified_gmt":"2023-12-12T09:56:50","slug":"karlie-flamingo-hundespielzeug-pluesch-burger","status":"publish","type":"product","link":"https:\/\/all-pets.de\/shop\/produkt\/karlie-flamingo-hundespielzeug-pluesch-burger\/","title":{"rendered":"Karlie Flamingo Hundespielzeug Pl\u00fcsch Burger"},"content":{"rendered":"<div class=\"data item content\" id=\"product.info.description\" data-role=\"content\" aria-labelledby=\"tab-label-product.info.description\" role=\"tabpanel\" aria-hidden=\"false\">\n<div class=\"product attribute description\">\n<div class=\"value\">\n<p>Fast Food Junkie? Schleckerm\u00e4ulchen? S\u00fc\u00dfer Zahn? Wer seinen vierbeinigen Freund an seinen kulinarischen Vorlieben teilhaben lassen m\u00f6chte, wird hier f\u00fcndig. Zwar sind diese Alternativen nicht essbar, aber Hund wird sie sicher zum Fressen gernhaben. Die tollen Spielzeuge aus Pl\u00fcsch bieten von zuckers\u00fc\u00df bis herzhaft allerlei Leckereien f\u00fcr Hunde zum Spielen und Kuscheln.<\/p>\n<p>Zum Beispiel unser k\u00f6stlicher Burger. Das mit viel Liebe zum Detail gestaltete Hundespielzeug wird Hund und Mensch begeistern. Ideal zum Spielen, Apportieren und Kuscheln. F\u00fcr ein spannendes Spielerlebnis ist das Spielzeug mit einem Squeaker und Knistermaterial\u00a0ausgestattet.<\/p>\n<\/div>\n<\/div>\n<\/div>\n<p>Ma\u00dfe: ca. 14 x 12,5 x 11 cm<\/p>\n","protected":false},"excerpt":{"rendered":"<p>Fast Food Junkie? Schleckerm\u00e4ulchen? S\u00fc\u00dfer Zahn? Wer seinen vierbeinigen Freund an seinen kulinarischen Vorlieben teilhaben lassen m\u00f6chte, wird hier f\u00fcndig. Zwar sind diese Alternativen nicht essbar, aber Hund wird sie sicher zum Fressen gernhaben. Die tollen Spielzeuge aus Pl\u00fcsch bieten von zuckers\u00fc\u00df bis herzhaft allerlei Leckereien f\u00fcr Hunde zum Spielen und Kuscheln. Zum Beispiel unser [&hellip;]<\/p>\n","protected":false},"featured_media":217,"comment_status":"closed","ping_status":"open","template":"","meta":[],"product_cat":[13828],"product_tag":[],"class_list":{"0":"post-48101","1":"product","2":"type-product","3":"status-publish","4":"has-post-thumbnail","6":"product_cat-plueschspielzeug-hundespielzeug-sport","8":"first","9":"instock","10":"taxable","11":"shipping-taxable","12":"purchasable","13":"product-type-simple"},"_links":{"self":[{"href":"https:\/\/all-pets.de\/shop\/wp-json\/wp\/v2\/product\/48101","targetHints":{"allow":["GET"]}}],"collection":[{"href":"https:\/\/all-pets.de\/shop\/wp-json\/wp\/v2\/product"}],"about":[{"href":"https:\/\/all-pets.de\/shop\/wp-json\/wp\/v2\/types\/product"}],"replies":[{"embeddable":true,"href":"https:\/\/all-pets.de\/shop\/wp-json\/wp\/v2\/comments?post=48101"}],"wp:featuredmedia":[{"embeddable":true,"href":"https:\/\/all-pets.de\/shop\/wp-json\/wp\/v2\/media\/217"}],"wp:attachment":[{"href":"https:\/\/all-pets.de\/shop\/wp-json\/wp\/v2\/media?parent=48101"}],"wp:term":[{"taxonomy":"product_cat","embeddable":true,"href":"https:\/\/all-pets.de\/shop\/wp-json\/wp\/v2\/product_cat?post=48101"},{"taxonomy":"product_tag","embeddable":true,"href":"https:\/\/all-pets.de\/shop\/wp-json\/wp\/v2\/product_tag?post=48101"}],"curies":[{"name":"wp","href":"https:\/\/api.w.org\/{rel}","templated":true}]}}