{"id":48105,"date":"2023-12-12T10:56:49","date_gmt":"2023-12-12T09:56:49","guid":{"rendered":"https:\/\/pet-shopping.de\/shop\/produkt\/classic-dog-snack-pferdeleber-200g\/"},"modified":"2023-12-12T10:56:51","modified_gmt":"2023-12-12T09:56:51","slug":"classic-dog-snack-pferdeleber-200g","status":"publish","type":"product","link":"https:\/\/all-pets.de\/shop\/produkt\/classic-dog-snack-pferdeleber-200g\/","title":{"rendered":"Classic Dog Snack Pferdeleber 200g"},"content":{"rendered":"<p>Pferdeleber ist ein besonders magerer und herzhafter Leckerbissen f\u00fcr jeden Hund der bestens bei Nahrungsmittel-Unvertr\u00e4glichkeiten, Allergieprobleme und Magen- Darm-Empfindlichkeit geeignet ist.<\/p>\n<p><strong>Inhaltsstoffe:<\/strong> <\/p>\n<p>Protein: 68,4 % Fett: 8,3 % Feuchtigkeit: 7,8 % Asche: 8,2 %<\/p>\n<p><strong>F\u00fctterungsempfehlung:<\/strong> <\/p>\n<p>Als Belohnungssnack erg\u00e4nzend zur gewohnten Hauptnahrung. Bitte immer ausreichend Wasser zur Verf\u00fcgung stellen.<\/p>\n","protected":false},"excerpt":{"rendered":"<p>Pferdeleber ist ein besonders magerer und herzhafter Leckerbissen f\u00fcr jeden Hund der bestens bei Nahrungsmittel-Unvertr\u00e4glichkeiten, Allergieprobleme und Magen- Darm-Empfindlichkeit geeignet ist. Inhaltsstoffe: Protein: 68,4 % Fett: 8,3 % Feuchtigkeit: 7,8 % Asche: 8,2 % F\u00fctterungsempfehlung: Als Belohnungssnack erg\u00e4nzend zur gewohnten Hauptnahrung. Bitte immer ausreichend Wasser zur Verf\u00fcgung stellen.<\/p>\n","protected":false},"featured_media":22950,"comment_status":"closed","ping_status":"open","template":"","meta":[],"product_cat":[13902],"product_tag":[],"class_list":{"0":"post-48105","1":"product","2":"type-product","3":"status-publish","4":"has-post-thumbnail","6":"product_cat-classic-trockenware","8":"first","9":"instock","10":"taxable","11":"shipping-taxable","12":"purchasable","13":"product-type-simple"},"_links":{"self":[{"href":"https:\/\/all-pets.de\/shop\/wp-json\/wp\/v2\/product\/48105","targetHints":{"allow":["GET"]}}],"collection":[{"href":"https:\/\/all-pets.de\/shop\/wp-json\/wp\/v2\/product"}],"about":[{"href":"https:\/\/all-pets.de\/shop\/wp-json\/wp\/v2\/types\/product"}],"replies":[{"embeddable":true,"href":"https:\/\/all-pets.de\/shop\/wp-json\/wp\/v2\/comments?post=48105"}],"wp:featuredmedia":[{"embeddable":true,"href":"https:\/\/all-pets.de\/shop\/wp-json\/wp\/v2\/media\/22950"}],"wp:attachment":[{"href":"https:\/\/all-pets.de\/shop\/wp-json\/wp\/v2\/media?parent=48105"}],"wp:term":[{"taxonomy":"product_cat","embeddable":true,"href":"https:\/\/all-pets.de\/shop\/wp-json\/wp\/v2\/product_cat?post=48105"},{"taxonomy":"product_tag","embeddable":true,"href":"https:\/\/all-pets.de\/shop\/wp-json\/wp\/v2\/product_tag?post=48105"}],"curies":[{"name":"wp","href":"https:\/\/api.w.org\/{rel}","templated":true}]}}