{"id":48110,"date":"2023-12-12T10:56:52","date_gmt":"2023-12-12T09:56:52","guid":{"rendered":"https:\/\/pet-shopping.de\/shop\/produkt\/karlie-flamingo-katzenangel-mit-nylonstreifen\/"},"modified":"2023-12-12T10:56:52","modified_gmt":"2023-12-12T09:56:52","slug":"karlie-flamingo-katzenangel-mit-nylonstreifen","status":"publish","type":"product","link":"https:\/\/all-pets.de\/shop\/produkt\/karlie-flamingo-katzenangel-mit-nylonstreifen\/","title":{"rendered":"Karlie Flamingo Katzenangel mit Nylonstreifen"},"content":{"rendered":"<p>Mit der Katzenangel mit Nylonstreifen kann der Spielspa\u00df richtig losgehen. Die bunten B\u00e4nder werden im Nu den Jagdinstinkt Ihrer Samtpfote wecken und Ihre Katze wird die Interaktion mit Ihnen genie\u00dfen! \u00a0<\/p>\n<p>L\u00e4nge: ca. 50 cm <br \/> 1 St\u00fcck<br \/> Diverse Farben. Eine Farbwahl ist leider nicht m\u00f6glich, da die Farbe je nach Lagerbestand gew\u00e4hlt wird.<\/p>\n","protected":false},"excerpt":{"rendered":"<p>Mit der Katzenangel mit Nylonstreifen kann der Spielspa\u00df richtig losgehen. Die bunten B\u00e4nder werden im Nu den Jagdinstinkt Ihrer Samtpfote wecken und Ihre Katze wird die Interaktion mit Ihnen genie\u00dfen! \u00a0 L\u00e4nge: ca. 50 cm 1 St\u00fcck Diverse Farben. Eine Farbwahl ist leider nicht m\u00f6glich, da die Farbe je nach Lagerbestand gew\u00e4hlt wird.<\/p>\n","protected":false},"featured_media":18242,"comment_status":"closed","ping_status":"open","template":"","meta":[],"product_cat":[13881],"product_tag":[],"class_list":{"0":"post-48110","1":"product","2":"type-product","3":"status-publish","4":"has-post-thumbnail","6":"product_cat-katzenspielangeln-co-katzenspielzeug","8":"first","9":"instock","10":"taxable","11":"shipping-taxable","12":"purchasable","13":"product-type-simple"},"_links":{"self":[{"href":"https:\/\/all-pets.de\/shop\/wp-json\/wp\/v2\/product\/48110","targetHints":{"allow":["GET"]}}],"collection":[{"href":"https:\/\/all-pets.de\/shop\/wp-json\/wp\/v2\/product"}],"about":[{"href":"https:\/\/all-pets.de\/shop\/wp-json\/wp\/v2\/types\/product"}],"replies":[{"embeddable":true,"href":"https:\/\/all-pets.de\/shop\/wp-json\/wp\/v2\/comments?post=48110"}],"wp:featuredmedia":[{"embeddable":true,"href":"https:\/\/all-pets.de\/shop\/wp-json\/wp\/v2\/media\/18242"}],"wp:attachment":[{"href":"https:\/\/all-pets.de\/shop\/wp-json\/wp\/v2\/media?parent=48110"}],"wp:term":[{"taxonomy":"product_cat","embeddable":true,"href":"https:\/\/all-pets.de\/shop\/wp-json\/wp\/v2\/product_cat?post=48110"},{"taxonomy":"product_tag","embeddable":true,"href":"https:\/\/all-pets.de\/shop\/wp-json\/wp\/v2\/product_tag?post=48110"}],"curies":[{"name":"wp","href":"https:\/\/api.w.org\/{rel}","templated":true}]}}