{"id":48112,"date":"2023-12-12T10:56:52","date_gmt":"2023-12-12T09:56:52","guid":{"rendered":"https:\/\/pet-shopping.de\/shop\/produkt\/karlie-flamingo-katzenangel-mit-samtrute\/"},"modified":"2023-12-12T10:56:53","modified_gmt":"2023-12-12T09:56:53","slug":"karlie-flamingo-katzenangel-mit-samtrute","status":"publish","type":"product","link":"https:\/\/all-pets.de\/shop\/produkt\/karlie-flamingo-katzenangel-mit-samtrute\/","title":{"rendered":"Karlie Flamingo Katzenangel mit Samtrute"},"content":{"rendered":"<p>Mit der Katzenangel mit Samtrute kann der Spielspa\u00df richtig losgehen. Die flauschige Rute mit klappenden Kugeln an den Enden wird im Nu den Jagdinstinkt Ihrer Samtpfote wecken und Ihre Katze wird die Interaktion mit Ihnen genie\u00dfen!<\/p>\n<p>L\u00e4nge der Rute: ca. 65 cm<br \/> L\u00e4nge des Stabs: ca. 45 cm<br \/> 1 St\u00fcck<br \/> Farbe: Multicolor<\/p>\n","protected":false},"excerpt":{"rendered":"<p>Mit der Katzenangel mit Samtrute kann der Spielspa\u00df richtig losgehen. Die flauschige Rute mit klappenden Kugeln an den Enden wird im Nu den Jagdinstinkt Ihrer Samtpfote wecken und Ihre Katze wird die Interaktion mit Ihnen genie\u00dfen! L\u00e4nge der Rute: ca. 65 cm L\u00e4nge des Stabs: ca. 45 cm 1 St\u00fcck Farbe: Multicolor<\/p>\n","protected":false},"featured_media":17016,"comment_status":"closed","ping_status":"open","template":"","meta":[],"product_cat":[13881],"product_tag":[],"class_list":{"0":"post-48112","1":"product","2":"type-product","3":"status-publish","4":"has-post-thumbnail","6":"product_cat-katzenspielangeln-co-katzenspielzeug","8":"first","9":"instock","10":"taxable","11":"shipping-taxable","12":"purchasable","13":"product-type-simple"},"_links":{"self":[{"href":"https:\/\/all-pets.de\/shop\/wp-json\/wp\/v2\/product\/48112","targetHints":{"allow":["GET"]}}],"collection":[{"href":"https:\/\/all-pets.de\/shop\/wp-json\/wp\/v2\/product"}],"about":[{"href":"https:\/\/all-pets.de\/shop\/wp-json\/wp\/v2\/types\/product"}],"replies":[{"embeddable":true,"href":"https:\/\/all-pets.de\/shop\/wp-json\/wp\/v2\/comments?post=48112"}],"wp:featuredmedia":[{"embeddable":true,"href":"https:\/\/all-pets.de\/shop\/wp-json\/wp\/v2\/media\/17016"}],"wp:attachment":[{"href":"https:\/\/all-pets.de\/shop\/wp-json\/wp\/v2\/media?parent=48112"}],"wp:term":[{"taxonomy":"product_cat","embeddable":true,"href":"https:\/\/all-pets.de\/shop\/wp-json\/wp\/v2\/product_cat?post=48112"},{"taxonomy":"product_tag","embeddable":true,"href":"https:\/\/all-pets.de\/shop\/wp-json\/wp\/v2\/product_tag?post=48112"}],"curies":[{"name":"wp","href":"https:\/\/api.w.org\/{rel}","templated":true}]}}