{"id":48114,"date":"2023-12-12T10:56:52","date_gmt":"2023-12-12T09:56:52","guid":{"rendered":"https:\/\/pet-shopping.de\/shop\/produkt\/trixie-lachsoel-500ml\/"},"modified":"2023-12-12T10:56:53","modified_gmt":"2023-12-12T09:56:53","slug":"trixie-lachsoel-500ml","status":"publish","type":"product","link":"https:\/\/all-pets.de\/shop\/produkt\/trixie-lachsoel-500ml\/","title":{"rendered":"Trixie Lachs\u00f6l 500ml"},"content":{"rendered":"<ul>\n<li> f\u00fcr Hunde und Katzen <\/li>\n<li> f\u00fcr gesunde Haut und gl\u00e4nzendes Fell <\/li>\n<li> reines Naturprodukt aus 100 % Lachs\u00f6l <\/li>\n<li> reich an essentiellen, einfach sowie mehrfach unges\u00e4ttigten Fetts\u00e4uren (Omega 3 und 6) <\/li>\n<li> unterst\u00fctzt Stoffwechsel und Wachstum sowie den Aufbau eines sch\u00f6nen Fells <\/li>\n<li> tr\u00e4gt zur Regeneration trockener Haut bei <\/li>\n<li> wertvolle Fetts\u00e4uren unterst\u00fctzen die Gesundheit von Herz und Kreislauf <\/li>\n<\/ul>\n<div>Inhalt\/Gewicht: 500 g<\/div>\n","protected":false},"excerpt":{"rendered":"<p>f\u00fcr Hunde und Katzen f\u00fcr gesunde Haut und gl\u00e4nzendes Fell reines Naturprodukt aus 100 % Lachs\u00f6l reich an essentiellen, einfach sowie mehrfach unges\u00e4ttigten Fetts\u00e4uren (Omega 3 und 6) unterst\u00fctzt Stoffwechsel und Wachstum sowie den Aufbau eines sch\u00f6nen Fells tr\u00e4gt zur Regeneration trockener Haut bei wertvolle Fetts\u00e4uren unterst\u00fctzen die Gesundheit von Herz und Kreislauf Inhalt\/Gewicht: 500 [&hellip;]<\/p>\n","protected":false},"featured_media":48115,"comment_status":"closed","ping_status":"open","template":"","meta":[],"product_cat":[13818],"product_tag":[],"class_list":{"0":"post-48114","1":"product","2":"type-product","3":"status-publish","4":"has-post-thumbnail","6":"product_cat-futterergaenzung-fuer-katzen","8":"first","9":"instock","10":"taxable","11":"shipping-taxable","12":"purchasable","13":"product-type-simple"},"_links":{"self":[{"href":"https:\/\/all-pets.de\/shop\/wp-json\/wp\/v2\/product\/48114","targetHints":{"allow":["GET"]}}],"collection":[{"href":"https:\/\/all-pets.de\/shop\/wp-json\/wp\/v2\/product"}],"about":[{"href":"https:\/\/all-pets.de\/shop\/wp-json\/wp\/v2\/types\/product"}],"replies":[{"embeddable":true,"href":"https:\/\/all-pets.de\/shop\/wp-json\/wp\/v2\/comments?post=48114"}],"wp:featuredmedia":[{"embeddable":true,"href":"https:\/\/all-pets.de\/shop\/wp-json\/wp\/v2\/media\/48115"}],"wp:attachment":[{"href":"https:\/\/all-pets.de\/shop\/wp-json\/wp\/v2\/media?parent=48114"}],"wp:term":[{"taxonomy":"product_cat","embeddable":true,"href":"https:\/\/all-pets.de\/shop\/wp-json\/wp\/v2\/product_cat?post=48114"},{"taxonomy":"product_tag","embeddable":true,"href":"https:\/\/all-pets.de\/shop\/wp-json\/wp\/v2\/product_tag?post=48114"}],"curies":[{"name":"wp","href":"https:\/\/api.w.org\/{rel}","templated":true}]}}