{"id":48116,"date":"2023-12-12T10:56:52","date_gmt":"2023-12-12T09:56:52","guid":{"rendered":"https:\/\/pet-shopping.de\/shop\/produkt\/karlie-flamingo-kratzbaum-gina-mit-filz\/"},"modified":"2023-12-12T10:56:53","modified_gmt":"2023-12-12T09:56:53","slug":"karlie-flamingo-kratzbaum-gina-mit-filz","status":"publish","type":"product","link":"https:\/\/all-pets.de\/shop\/produkt\/karlie-flamingo-kratzbaum-gina-mit-filz\/","title":{"rendered":"Karlie Flamingo Kratzbaum Gina mit Filz"},"content":{"rendered":"<div class=\"data item content\" id=\"product.info.description\" data-role=\"content\" role=\"tabpanel\">\n<div class=\"product attribute description\">\n<div class=\"value\">\n<p>Die Kratzs\u00e4ule Gina ist perfekt f\u00fcr begeisterte Kratzer. Hier kann die Katze ausgiebig ihrem Kratzbed\u00fcrfnis nachgehen. Der moderne Kratzstamm ist mit Filz gearbeitet und in puristischen Graut\u00f6nen gehalten. Das verleiht dem Stamm einen wundersch\u00f6nen, robusten Look. Gina f\u00fcgt sich harmonisch in jede Einrichtung ein. <\/p>\n<p>Ma\u00dfe: ca. 34 x 34 x 60 cm<br \/> Sisalstamm:<br \/> Durchmesser: ca. 8,8 cm<br \/> Sisalst\u00e4rke: ca. 5 mm<\/p>\n<\/div>\n<\/div>\n<\/div>\n","protected":false},"excerpt":{"rendered":"<p>Die Kratzs\u00e4ule Gina ist perfekt f\u00fcr begeisterte Kratzer. Hier kann die Katze ausgiebig ihrem Kratzbed\u00fcrfnis nachgehen. Der moderne Kratzstamm ist mit Filz gearbeitet und in puristischen Graut\u00f6nen gehalten. Das verleiht dem Stamm einen wundersch\u00f6nen, robusten Look. Gina f\u00fcgt sich harmonisch in jede Einrichtung ein. Ma\u00dfe: ca. 34 x 34 x 60 cm Sisalstamm: Durchmesser: ca. [&hellip;]<\/p>\n","protected":false},"featured_media":36323,"comment_status":"closed","ping_status":"open","template":"","meta":[],"product_cat":[13901],"product_tag":[],"class_list":{"0":"post-48116","1":"product","2":"type-product","3":"status-publish","4":"has-post-thumbnail","6":"product_cat-bis-100-cm","8":"first","9":"instock","10":"taxable","11":"shipping-taxable","12":"purchasable","13":"product-type-simple"},"_links":{"self":[{"href":"https:\/\/all-pets.de\/shop\/wp-json\/wp\/v2\/product\/48116","targetHints":{"allow":["GET"]}}],"collection":[{"href":"https:\/\/all-pets.de\/shop\/wp-json\/wp\/v2\/product"}],"about":[{"href":"https:\/\/all-pets.de\/shop\/wp-json\/wp\/v2\/types\/product"}],"replies":[{"embeddable":true,"href":"https:\/\/all-pets.de\/shop\/wp-json\/wp\/v2\/comments?post=48116"}],"wp:featuredmedia":[{"embeddable":true,"href":"https:\/\/all-pets.de\/shop\/wp-json\/wp\/v2\/media\/36323"}],"wp:attachment":[{"href":"https:\/\/all-pets.de\/shop\/wp-json\/wp\/v2\/media?parent=48116"}],"wp:term":[{"taxonomy":"product_cat","embeddable":true,"href":"https:\/\/all-pets.de\/shop\/wp-json\/wp\/v2\/product_cat?post=48116"},{"taxonomy":"product_tag","embeddable":true,"href":"https:\/\/all-pets.de\/shop\/wp-json\/wp\/v2\/product_tag?post=48116"}],"curies":[{"name":"wp","href":"https:\/\/api.w.org\/{rel}","templated":true}]}}