{"id":48120,"date":"2023-12-12T10:56:52","date_gmt":"2023-12-12T09:56:52","guid":{"rendered":"https:\/\/pet-shopping.de\/shop\/produkt\/rogz-bowlz-luna-pink-350ml\/"},"modified":"2023-12-12T10:56:53","modified_gmt":"2023-12-12T09:56:53","slug":"rogz-bowlz-luna-pink-350ml","status":"publish","type":"product","link":"https:\/\/all-pets.de\/shop\/produkt\/rogz-bowlz-luna-pink-350ml\/","title":{"rendered":"ROGZ Bowlz Luna pink, 350ml"},"content":{"rendered":"<div style=\"color: #000000  font-size: 12px  font-style: normal  font-variant-caps: normal  font-weight: normal  letter-spacing: normal  text-align: start  text-indent: 0px  text-transform: none  white-space: normal  word-spacing: 0px  -moz-text-size-adjust: auto  -webkit-text-stroke-width: 0px\"><font size=\"2\" face=\"Arial\">rogz ist die coole Trendmarke, wenn es um hochwertiges Design, stylische Farben und hohe Funktionalit\u00e4t geht.<\/font><\/div>\n<p><font size=\"2\" face=\"Arial\"><\/font> <\/p>\n<div style=\"color: #000000  font-size: 12px  font-style: normal  font-variant-caps: normal  font-weight: normal  letter-spacing: normal  text-align: start  text-indent: 0px  text-transform: none  white-space: normal  word-spacing: 0px  -moz-text-size-adjust: auto  -webkit-text-stroke-width: 0px\"><font size=\"2\" face=\"Arial\">\u00a0<\/font><\/div>\n<p><font size=\"2\" face=\"Arial\"><\/font> <\/p>\n<div style=\"color: #000000  font-size: 12px  font-style: normal  font-variant-caps: normal  font-weight: normal  letter-spacing: normal  text-align: start  text-indent: 0px  text-transform: none  white-space: normal  word-spacing: 0px  -moz-text-size-adjust: auto  -webkit-text-stroke-width: 0px\"><font size=\"2\" face=\"Arial\">Der rogz Luna Hundenapf besteht aus einem Melamin-Au\u00dfennapf und einer Innenschale aus Edelstahl. Es sind also quasi 2 N\u00e4pfe in einem und k\u00f6nnen z. B. auf Reisen auch so genutzt werden. Im t\u00e4glich Gebrauch f\u00fcllen Sie das Futter oder Wasser in den Edelstahleinsatz, der sich dann f\u00fcr die Reinigung einfach entnehmen lassen. Beide Teile sind UV- und rostbest\u00e4ndig, schadstofffrei, absolut hygienisch und k\u00f6nnen auch in den Geschirrsp\u00fcler gegeben werden. Die Melaminschale besitzt zudem Silikonf\u00fc\u00dfe, die ein Verrutschen des Napfes dauerhaft verhindert.<\/font><\/div>\n<p><font size=\"2\" face=\"Arial\"><\/font> <\/p>\n<div style=\"color: #000000  font-size: 12px  font-style: normal  font-variant-caps: normal  font-weight: normal  letter-spacing: normal  text-align: start  text-indent: 0px  text-transform: none  white-space: normal  word-spacing: 0px  -moz-text-size-adjust: auto  -webkit-text-stroke-width: 0px\"><font size=\"2\" face=\"Arial\">\u00a0<\/font><\/div>\n<p><font size=\"2\" face=\"Arial\"><\/font> <\/p>\n<div style=\"color: #000000  font-size: 12px  font-style: normal  font-variant-caps: normal  font-weight: normal  letter-spacing: normal  text-align: start  text-indent: 0px  text-transform: none  white-space: normal  word-spacing: 0px  -moz-text-size-adjust: auto  -webkit-text-stroke-width: 0px\"><font size=\"2\" face=\"Arial\">rogz &#8211; f\u00fcr ein trendiges Fressvergn\u00fcgen<br \/> <\/font><font size=\"2\" face=\"Arial\"><br \/> Gr\u00f6\u00dfe: M = 350 ml<br \/> Au\u00dfenma\u00dfe: ca 23,5 cm x 16,5 cm, 5,5 cm\u00a0hoch<br \/> Edelstahl-Innennapf: 13 cm Durchmesser, 4 cm <span style=\"color: #000000  font-size: 12px  font-style: normal  font-variant-caps: normal  font-weight: normal  letter-spacing: normal  text-align: start  text-indent: 0px  text-transform: none  white-space: normal  word-spacing: 0px  -moz-text-size-adjust: auto  -webkit-text-stroke-width: 0px  display: inline !important  float: none\">hoch<\/span><\/font><\/div>\n","protected":false},"excerpt":{"rendered":"<p>rogz ist die coole Trendmarke, wenn es um hochwertiges Design, stylische Farben und hohe Funktionalit\u00e4t geht. \u00a0 Der rogz Luna Hundenapf besteht aus einem Melamin-Au\u00dfennapf und einer Innenschale aus Edelstahl. Es sind also quasi 2 N\u00e4pfe in einem und k\u00f6nnen z. B. auf Reisen auch so genutzt werden. Im t\u00e4glich Gebrauch f\u00fcllen Sie das Futter [&hellip;]<\/p>\n","protected":false},"featured_media":34064,"comment_status":"closed","ping_status":"open","template":"","meta":[],"product_cat":[14997],"product_tag":[],"class_list":{"0":"post-48120","1":"product","2":"type-product","3":"status-publish","4":"has-post-thumbnail","6":"product_cat-futter-wassernaepfe-hundenaepfe-traenken-rogzhundewelt","8":"first","9":"instock","10":"taxable","11":"shipping-taxable","12":"purchasable","13":"product-type-simple"},"_links":{"self":[{"href":"https:\/\/all-pets.de\/shop\/wp-json\/wp\/v2\/product\/48120","targetHints":{"allow":["GET"]}}],"collection":[{"href":"https:\/\/all-pets.de\/shop\/wp-json\/wp\/v2\/product"}],"about":[{"href":"https:\/\/all-pets.de\/shop\/wp-json\/wp\/v2\/types\/product"}],"replies":[{"embeddable":true,"href":"https:\/\/all-pets.de\/shop\/wp-json\/wp\/v2\/comments?post=48120"}],"wp:featuredmedia":[{"embeddable":true,"href":"https:\/\/all-pets.de\/shop\/wp-json\/wp\/v2\/media\/34064"}],"wp:attachment":[{"href":"https:\/\/all-pets.de\/shop\/wp-json\/wp\/v2\/media?parent=48120"}],"wp:term":[{"taxonomy":"product_cat","embeddable":true,"href":"https:\/\/all-pets.de\/shop\/wp-json\/wp\/v2\/product_cat?post=48120"},{"taxonomy":"product_tag","embeddable":true,"href":"https:\/\/all-pets.de\/shop\/wp-json\/wp\/v2\/product_tag?post=48120"}],"curies":[{"name":"wp","href":"https:\/\/api.w.org\/{rel}","templated":true}]}}