{"id":48121,"date":"2023-12-12T10:56:52","date_gmt":"2023-12-12T09:56:52","guid":{"rendered":"https:\/\/pet-shopping.de\/shop\/produkt\/karlie-flamingo-kratzbaum-dora-mit-filz\/"},"modified":"2023-12-12T10:56:54","modified_gmt":"2023-12-12T09:56:54","slug":"karlie-flamingo-kratzbaum-dora-mit-filz","status":"publish","type":"product","link":"https:\/\/all-pets.de\/shop\/produkt\/karlie-flamingo-kratzbaum-dora-mit-filz\/","title":{"rendered":"Karlie Flamingo Kratzbaum Dora mit Filz"},"content":{"rendered":"<p>Der Kratzbaum Dora ist ein sch\u00f6nes M\u00f6belst\u00fcck, das neben ausreichend Fl\u00e4che zum Kratzen auch verschiedene Liegefl\u00e4chen f\u00fcr die Katze bietet. Gleich drei Pl\u00e4tze laden zum gem\u00fctlichen Verweilen ein: die H\u00f6hle am Boden und zwei Plattformen. An den beiden Kratzst\u00e4mmen kann die Katze ausgiebig ihrem nat\u00fcrlichen Kratzbed\u00fcrfnis nachgehen. <\/p>\n<p>Der verarbeitete Filz verleiht dem Kratzbaum einen robusten, aber gleichzeitig auch wundersch\u00f6nen Look. Puristische Graut\u00f6ne stellen sicher, dass er sich harmonisch in die verschiedensten Wohnungseinrichtungen einf\u00fcgt.<\/p>\n<p>Gesamtgr\u00f6\u00dfe: ca. 38 x 38 x 91 cm<br \/> H\u00f6hle: ca. 35 x 35 x 23 cm, \u00d6ffnung: ca. 27,5 x 16 cm<br \/> Gr\u00f6\u00dfe der Plattformen: ca. 34 x 34 cm<br \/> Stammdurchmesser: ca. 8,8 cm<br \/> Sisalst\u00e4rke: ca. 5 mm<\/p>\n","protected":false},"excerpt":{"rendered":"<p>Der Kratzbaum Dora ist ein sch\u00f6nes M\u00f6belst\u00fcck, das neben ausreichend Fl\u00e4che zum Kratzen auch verschiedene Liegefl\u00e4chen f\u00fcr die Katze bietet. Gleich drei Pl\u00e4tze laden zum gem\u00fctlichen Verweilen ein: die H\u00f6hle am Boden und zwei Plattformen. An den beiden Kratzst\u00e4mmen kann die Katze ausgiebig ihrem nat\u00fcrlichen Kratzbed\u00fcrfnis nachgehen. Der verarbeitete Filz verleiht dem Kratzbaum einen robusten, [&hellip;]<\/p>\n","protected":false},"featured_media":31031,"comment_status":"closed","ping_status":"open","template":"","meta":[],"product_cat":[13901],"product_tag":[],"class_list":{"0":"post-48121","1":"product","2":"type-product","3":"status-publish","4":"has-post-thumbnail","6":"product_cat-bis-100-cm","8":"first","9":"instock","10":"taxable","11":"shipping-taxable","12":"purchasable","13":"product-type-simple"},"_links":{"self":[{"href":"https:\/\/all-pets.de\/shop\/wp-json\/wp\/v2\/product\/48121","targetHints":{"allow":["GET"]}}],"collection":[{"href":"https:\/\/all-pets.de\/shop\/wp-json\/wp\/v2\/product"}],"about":[{"href":"https:\/\/all-pets.de\/shop\/wp-json\/wp\/v2\/types\/product"}],"replies":[{"embeddable":true,"href":"https:\/\/all-pets.de\/shop\/wp-json\/wp\/v2\/comments?post=48121"}],"wp:featuredmedia":[{"embeddable":true,"href":"https:\/\/all-pets.de\/shop\/wp-json\/wp\/v2\/media\/31031"}],"wp:attachment":[{"href":"https:\/\/all-pets.de\/shop\/wp-json\/wp\/v2\/media?parent=48121"}],"wp:term":[{"taxonomy":"product_cat","embeddable":true,"href":"https:\/\/all-pets.de\/shop\/wp-json\/wp\/v2\/product_cat?post=48121"},{"taxonomy":"product_tag","embeddable":true,"href":"https:\/\/all-pets.de\/shop\/wp-json\/wp\/v2\/product_tag?post=48121"}],"curies":[{"name":"wp","href":"https:\/\/api.w.org\/{rel}","templated":true}]}}