{"id":48134,"date":"2023-12-12T10:56:57","date_gmt":"2023-12-12T09:56:57","guid":{"rendered":"https:\/\/pet-shopping.de\/shop\/produkt\/karlie-flamingo-kratzbaum-flavie-mit-filz\/"},"modified":"2023-12-12T10:56:57","modified_gmt":"2023-12-12T09:56:57","slug":"karlie-flamingo-kratzbaum-flavie-mit-filz","status":"publish","type":"product","link":"https:\/\/all-pets.de\/shop\/produkt\/karlie-flamingo-kratzbaum-flavie-mit-filz\/","title":{"rendered":"Karlie Flamingo Kratzbaum Flavie mit Filz"},"content":{"rendered":"<p>Der Kratzbaum Flavie ist ein sehr kompakter Kratzbaum, der aber dennoch alles N\u00f6tige bietet, damit kleinere Katzen ihren Schlaf- und Kratzbed\u00fcrfnissen nachgehen k\u00f6nnen. Das Katzenhaus und der Kratzstamm mit Liegefl\u00e4che sind mit Filz gearbeitet. <\/p>\n<p>Dank der Materialwahl und der puristischen Farbgebung in Graut\u00f6nen ist der Kratzbaum ein zeitlos sch\u00f6nes M\u00f6bel, das sich vielen Einrichtungsstilen anpasst. Vom Liegeplatz aus kann die Katze alles im Auge behalten, dort l\u00e4sst sich aber auch gut ein kleines Nickerchen halten. Und nat\u00fcrlich l\u00e4dt besonders das Katzenhaus nach einer ausgiebigen Kratzsession zum entspannten Verweilen ein. <\/p>\n<p>Gesamtgr\u00f6\u00dfe: ca. 60 x 40 x 77 cm<br \/> \u00d6ffnung der H\u00f6hle: ca. 27,5 x 16 cm<br \/> Stammdurchmesser: ca. 8,8 cm<br \/> Sisalst\u00e4rke: ca. 5 mm<\/p>\n","protected":false},"excerpt":{"rendered":"<p>Der Kratzbaum Flavie ist ein sehr kompakter Kratzbaum, der aber dennoch alles N\u00f6tige bietet, damit kleinere Katzen ihren Schlaf- und Kratzbed\u00fcrfnissen nachgehen k\u00f6nnen. Das Katzenhaus und der Kratzstamm mit Liegefl\u00e4che sind mit Filz gearbeitet. Dank der Materialwahl und der puristischen Farbgebung in Graut\u00f6nen ist der Kratzbaum ein zeitlos sch\u00f6nes M\u00f6bel, das sich vielen Einrichtungsstilen anpasst. [&hellip;]<\/p>\n","protected":false},"featured_media":19621,"comment_status":"closed","ping_status":"open","template":"","meta":[],"product_cat":[13901],"product_tag":[],"class_list":{"0":"post-48134","1":"product","2":"type-product","3":"status-publish","4":"has-post-thumbnail","6":"product_cat-bis-100-cm","8":"first","9":"instock","10":"taxable","11":"shipping-taxable","12":"purchasable","13":"product-type-simple"},"_links":{"self":[{"href":"https:\/\/all-pets.de\/shop\/wp-json\/wp\/v2\/product\/48134","targetHints":{"allow":["GET"]}}],"collection":[{"href":"https:\/\/all-pets.de\/shop\/wp-json\/wp\/v2\/product"}],"about":[{"href":"https:\/\/all-pets.de\/shop\/wp-json\/wp\/v2\/types\/product"}],"replies":[{"embeddable":true,"href":"https:\/\/all-pets.de\/shop\/wp-json\/wp\/v2\/comments?post=48134"}],"wp:featuredmedia":[{"embeddable":true,"href":"https:\/\/all-pets.de\/shop\/wp-json\/wp\/v2\/media\/19621"}],"wp:attachment":[{"href":"https:\/\/all-pets.de\/shop\/wp-json\/wp\/v2\/media?parent=48134"}],"wp:term":[{"taxonomy":"product_cat","embeddable":true,"href":"https:\/\/all-pets.de\/shop\/wp-json\/wp\/v2\/product_cat?post=48134"},{"taxonomy":"product_tag","embeddable":true,"href":"https:\/\/all-pets.de\/shop\/wp-json\/wp\/v2\/product_tag?post=48134"}],"curies":[{"name":"wp","href":"https:\/\/api.w.org\/{rel}","templated":true}]}}