{"id":48145,"date":"2023-12-12T10:56:57","date_gmt":"2023-12-12T09:56:57","guid":{"rendered":"https:\/\/pet-shopping.de\/shop\/produkt\/trixie-kratztrommel-aus-pappe-mit-spielbaellen\/"},"modified":"2023-12-12T10:56:58","modified_gmt":"2023-12-12T09:56:58","slug":"trixie-kratztrommel-aus-pappe-mit-spielbaellen","status":"publish","type":"product","link":"https:\/\/all-pets.de\/shop\/produkt\/trixie-kratztrommel-aus-pappe-mit-spielbaellen\/","title":{"rendered":"Trixie Kratztrommel aus Pappe mit Spielb\u00e4llen"},"content":{"rendered":"<ul>\n<li> Pappe <\/li>\n<li> zum Hinlegen <\/li>\n<li> 2 B\u00e4lle im Inneren regen zum Spielen an <\/li>\n<li> diverse Ausf\u00fchrungen (Eine Farbwahl ist leider nicht m\u00f6glich!) <\/li>\n<li>mit Katzenminze<\/li>\n<li>Ma\u00dfe: ca. 33 \u00d7 5,5 cm (Durchmesser x H\u00f6he) <\/li>\n<\/ul>\n","protected":false},"excerpt":{"rendered":"<p>Pappe zum Hinlegen 2 B\u00e4lle im Inneren regen zum Spielen an diverse Ausf\u00fchrungen (Eine Farbwahl ist leider nicht m\u00f6glich!) mit Katzenminze Ma\u00dfe: ca. 33 \u00d7 5,5 cm (Durchmesser x H\u00f6he)<\/p>\n","protected":false},"featured_media":18453,"comment_status":"closed","ping_status":"open","template":"","meta":[],"product_cat":[14595],"product_tag":[],"class_list":{"0":"post-48145","1":"product","2":"type-product","3":"status-publish","4":"has-post-thumbnail","6":"product_cat-kratzbretter-artikel-kratzbaeume-moebel","8":"first","9":"instock","10":"taxable","11":"shipping-taxable","12":"purchasable","13":"product-type-simple"},"_links":{"self":[{"href":"https:\/\/all-pets.de\/shop\/wp-json\/wp\/v2\/product\/48145","targetHints":{"allow":["GET"]}}],"collection":[{"href":"https:\/\/all-pets.de\/shop\/wp-json\/wp\/v2\/product"}],"about":[{"href":"https:\/\/all-pets.de\/shop\/wp-json\/wp\/v2\/types\/product"}],"replies":[{"embeddable":true,"href":"https:\/\/all-pets.de\/shop\/wp-json\/wp\/v2\/comments?post=48145"}],"wp:featuredmedia":[{"embeddable":true,"href":"https:\/\/all-pets.de\/shop\/wp-json\/wp\/v2\/media\/18453"}],"wp:attachment":[{"href":"https:\/\/all-pets.de\/shop\/wp-json\/wp\/v2\/media?parent=48145"}],"wp:term":[{"taxonomy":"product_cat","embeddable":true,"href":"https:\/\/all-pets.de\/shop\/wp-json\/wp\/v2\/product_cat?post=48145"},{"taxonomy":"product_tag","embeddable":true,"href":"https:\/\/all-pets.de\/shop\/wp-json\/wp\/v2\/product_tag?post=48145"}],"curies":[{"name":"wp","href":"https:\/\/api.w.org\/{rel}","templated":true}]}}