{"id":48151,"date":"2023-12-12T10:56:57","date_gmt":"2023-12-12T09:56:57","guid":{"rendered":"https:\/\/pet-shopping.de\/shop\/produkt\/karlie-flamingo-hundepfeife-de-luxe\/"},"modified":"2023-12-12T10:56:59","modified_gmt":"2023-12-12T09:56:59","slug":"karlie-flamingo-hundepfeife-de-luxe","status":"publish","type":"product","link":"https:\/\/all-pets.de\/shop\/produkt\/karlie-flamingo-hundepfeife-de-luxe\/","title":{"rendered":"Karlie Flamingo Hundepfeife de Luxe"},"content":{"rendered":"<p>Die Frequenz bzw. Tonh\u00f6he dieser Hundepfeife ist einstellbar, so dass diejenige Tonh\u00f6he gew\u00e4hlt werden kann, auf die der Hund am besten reagiert. Dank der robusten Metallausf\u00fchrung ist die Pfeife langlebig und strapazierf\u00e4hig. Der Pfiff ist \u00fcber eine Distanz von bis zu 182 Metern wahrzunehmen.<\/p>\n<p>L\u00e4nge: ca. 110 mm<\/p>\n","protected":false},"excerpt":{"rendered":"<p>Die Frequenz bzw. Tonh\u00f6he dieser Hundepfeife ist einstellbar, so dass diejenige Tonh\u00f6he gew\u00e4hlt werden kann, auf die der Hund am besten reagiert. Dank der robusten Metallausf\u00fchrung ist die Pfeife langlebig und strapazierf\u00e4hig. Der Pfiff ist \u00fcber eine Distanz von bis zu 182 Metern wahrzunehmen. L\u00e4nge: ca. 110 mm<\/p>\n","protected":false},"featured_media":31729,"comment_status":"closed","ping_status":"open","template":"","meta":[],"product_cat":[15010],"product_tag":[],"class_list":{"0":"post-48151","1":"product","2":"type-product","3":"status-publish","4":"has-post-thumbnail","6":"product_cat-agility-training-hundespielzeug-sport-hundepfeifenhundewelt","8":"first","9":"instock","10":"taxable","11":"shipping-taxable","12":"purchasable","13":"product-type-simple"},"_links":{"self":[{"href":"https:\/\/all-pets.de\/shop\/wp-json\/wp\/v2\/product\/48151","targetHints":{"allow":["GET"]}}],"collection":[{"href":"https:\/\/all-pets.de\/shop\/wp-json\/wp\/v2\/product"}],"about":[{"href":"https:\/\/all-pets.de\/shop\/wp-json\/wp\/v2\/types\/product"}],"replies":[{"embeddable":true,"href":"https:\/\/all-pets.de\/shop\/wp-json\/wp\/v2\/comments?post=48151"}],"wp:featuredmedia":[{"embeddable":true,"href":"https:\/\/all-pets.de\/shop\/wp-json\/wp\/v2\/media\/31729"}],"wp:attachment":[{"href":"https:\/\/all-pets.de\/shop\/wp-json\/wp\/v2\/media?parent=48151"}],"wp:term":[{"taxonomy":"product_cat","embeddable":true,"href":"https:\/\/all-pets.de\/shop\/wp-json\/wp\/v2\/product_cat?post=48151"},{"taxonomy":"product_tag","embeddable":true,"href":"https:\/\/all-pets.de\/shop\/wp-json\/wp\/v2\/product_tag?post=48151"}],"curies":[{"name":"wp","href":"https:\/\/api.w.org\/{rel}","templated":true}]}}