{"id":48159,"date":"2023-12-12T10:57:01","date_gmt":"2023-12-12T09:57:01","guid":{"rendered":"https:\/\/pet-shopping.de\/shop\/produkt\/savic-katzentoilette-aseo-grau-weiss\/"},"modified":"2023-12-12T10:57:01","modified_gmt":"2023-12-12T09:57:01","slug":"savic-katzentoilette-aseo-grau-weiss","status":"publish","type":"product","link":"https:\/\/all-pets.de\/shop\/produkt\/savic-katzentoilette-aseo-grau-weiss\/","title":{"rendered":"Savic Katzentoilette Aseo &#8211; grau\/wei\u00df"},"content":{"rendered":"<p>Aseo ist eine leichte Katzentoilette mit Rand und erh\u00f6hter R\u00fcckseite.<\/p>\n<p>Die Katzentoilette Aseo ist besonders geeignet f\u00fcr Katzen, die nach hinten urinieren oder ihr Gesch\u00e4ft gerne vergraben. Durch den Rand und die erh\u00f6hte R\u00fcckseite bleibt das Streu in der Wanne und der Fu\u00dfboden sauber. Gleichzeitig macht die niedrigere Vorderseite auch Kitten und \u00e4ltere Katzen den Einstieg einfach.<\/p>\n<p>Ma\u00dfe (BxTxH): ca. 39 x 56 x 27,5 cm <\/p>\n","protected":false},"excerpt":{"rendered":"<p>Aseo ist eine leichte Katzentoilette mit Rand und erh\u00f6hter R\u00fcckseite. Die Katzentoilette Aseo ist besonders geeignet f\u00fcr Katzen, die nach hinten urinieren oder ihr Gesch\u00e4ft gerne vergraben. Durch den Rand und die erh\u00f6hte R\u00fcckseite bleibt das Streu in der Wanne und der Fu\u00dfboden sauber. Gleichzeitig macht die niedrigere Vorderseite auch Kitten und \u00e4ltere Katzen den [&hellip;]<\/p>\n","protected":false},"featured_media":48160,"comment_status":"closed","ping_status":"open","template":"","meta":[],"product_cat":[13941],"product_tag":[],"class_list":{"0":"post-48159","1":"product","2":"type-product","3":"status-publish","4":"has-post-thumbnail","6":"product_cat-katzentoiletten","8":"first","9":"instock","10":"taxable","11":"shipping-taxable","12":"purchasable","13":"product-type-simple"},"_links":{"self":[{"href":"https:\/\/all-pets.de\/shop\/wp-json\/wp\/v2\/product\/48159","targetHints":{"allow":["GET"]}}],"collection":[{"href":"https:\/\/all-pets.de\/shop\/wp-json\/wp\/v2\/product"}],"about":[{"href":"https:\/\/all-pets.de\/shop\/wp-json\/wp\/v2\/types\/product"}],"replies":[{"embeddable":true,"href":"https:\/\/all-pets.de\/shop\/wp-json\/wp\/v2\/comments?post=48159"}],"wp:featuredmedia":[{"embeddable":true,"href":"https:\/\/all-pets.de\/shop\/wp-json\/wp\/v2\/media\/48160"}],"wp:attachment":[{"href":"https:\/\/all-pets.de\/shop\/wp-json\/wp\/v2\/media?parent=48159"}],"wp:term":[{"taxonomy":"product_cat","embeddable":true,"href":"https:\/\/all-pets.de\/shop\/wp-json\/wp\/v2\/product_cat?post=48159"},{"taxonomy":"product_tag","embeddable":true,"href":"https:\/\/all-pets.de\/shop\/wp-json\/wp\/v2\/product_tag?post=48159"}],"curies":[{"name":"wp","href":"https:\/\/api.w.org\/{rel}","templated":true}]}}