{"id":48164,"date":"2023-12-12T10:57:01","date_gmt":"2023-12-12T09:57:01","guid":{"rendered":"https:\/\/pet-shopping.de\/shop\/produkt\/karlie-brustgeschirr-mellow-pink-48-66-cm\/"},"modified":"2023-12-12T10:57:02","modified_gmt":"2023-12-12T09:57:02","slug":"karlie-brustgeschirr-mellow-pink-48-66-cm","status":"publish","type":"product","link":"https:\/\/all-pets.de\/shop\/produkt\/karlie-brustgeschirr-mellow-pink-48-66-cm\/","title":{"rendered":"Karlie Brustgeschirr Mellow Pink &#8211; 48 &#8211; 66 cm"},"content":{"rendered":"<ul>\n<li>verstellbares Brustgeschirr<\/li>\n<li>stabil durch Polyesterb\u00e4nder<\/li>\n<li>gem\u00fctlich durch weichen Pl\u00fcschstoff innen<\/li>\n<li>au\u00dfen mit stylischem Design-Kunstleder<\/li>\n<li>Ma\u00dfe: Brustumfang ca. 48 &#8211; 66 cm \/ Nackenumfang ca. 38 cm<\/li>\n<li>Gurtbreite: ca. 15 mm<\/li>\n<\/ul>\n","protected":false},"excerpt":{"rendered":"<p>verstellbares Brustgeschirr stabil durch Polyesterb\u00e4nder gem\u00fctlich durch weichen Pl\u00fcschstoff innen au\u00dfen mit stylischem Design-Kunstleder Ma\u00dfe: Brustumfang ca. 48 &#8211; 66 cm \/ Nackenumfang ca. 38 cm Gurtbreite: ca. 15 mm<\/p>\n","protected":false},"featured_media":48165,"comment_status":"closed","ping_status":"open","template":"","meta":[],"product_cat":[13812],"product_tag":[],"class_list":{"0":"post-48164","1":"product","2":"type-product","3":"status-publish","4":"has-post-thumbnail","6":"product_cat-hundegeschirre","8":"first","9":"instock","10":"taxable","11":"shipping-taxable","12":"purchasable","13":"product-type-simple"},"_links":{"self":[{"href":"https:\/\/all-pets.de\/shop\/wp-json\/wp\/v2\/product\/48164","targetHints":{"allow":["GET"]}}],"collection":[{"href":"https:\/\/all-pets.de\/shop\/wp-json\/wp\/v2\/product"}],"about":[{"href":"https:\/\/all-pets.de\/shop\/wp-json\/wp\/v2\/types\/product"}],"replies":[{"embeddable":true,"href":"https:\/\/all-pets.de\/shop\/wp-json\/wp\/v2\/comments?post=48164"}],"wp:featuredmedia":[{"embeddable":true,"href":"https:\/\/all-pets.de\/shop\/wp-json\/wp\/v2\/media\/48165"}],"wp:attachment":[{"href":"https:\/\/all-pets.de\/shop\/wp-json\/wp\/v2\/media?parent=48164"}],"wp:term":[{"taxonomy":"product_cat","embeddable":true,"href":"https:\/\/all-pets.de\/shop\/wp-json\/wp\/v2\/product_cat?post=48164"},{"taxonomy":"product_tag","embeddable":true,"href":"https:\/\/all-pets.de\/shop\/wp-json\/wp\/v2\/product_tag?post=48164"}],"curies":[{"name":"wp","href":"https:\/\/api.w.org\/{rel}","templated":true}]}}