{"id":48166,"date":"2023-12-12T10:57:01","date_gmt":"2023-12-12T09:57:01","guid":{"rendered":"https:\/\/pet-shopping.de\/shop\/produkt\/karlie-halsband-5-collar-pink-50-cm\/"},"modified":"2023-12-12T10:57:02","modified_gmt":"2023-12-12T09:57:02","slug":"karlie-halsband-5-collar-pink-50-cm","status":"publish","type":"product","link":"https:\/\/all-pets.de\/shop\/produkt\/karlie-halsband-5-collar-pink-50-cm\/","title":{"rendered":"Karlie Halsband 5 Collar &#8211; Pink, 50 cm"},"content":{"rendered":"<p>&#8211; Nappaleder<br \/>&#8211; geriegelt<br \/>&#8211; abgen\u00e4ht<br \/>&#8211; gebuggt<br \/>&#8211; strahlend bunt<br \/>&#8211; verchromte Beschl\u00e4ge<br \/>&#8211; Farbe: pink<br \/>&#8211; Gesamtl\u00e4nge: ca. 50 cm<\/p>\n","protected":false},"excerpt":{"rendered":"<p>&#8211; Nappaleder&#8211; geriegelt&#8211; abgen\u00e4ht&#8211; gebuggt&#8211; strahlend bunt&#8211; verchromte Beschl\u00e4ge&#8211; Farbe: pink&#8211; Gesamtl\u00e4nge: ca. 50 cm<\/p>\n","protected":false},"featured_media":48167,"comment_status":"closed","ping_status":"open","template":"","meta":[],"product_cat":[13790],"product_tag":[],"class_list":{"0":"post-48166","1":"product","2":"type-product","3":"status-publish","4":"has-post-thumbnail","6":"product_cat-lederhalsbaender","8":"first","9":"instock","10":"taxable","11":"shipping-taxable","12":"purchasable","13":"product-type-simple"},"_links":{"self":[{"href":"https:\/\/all-pets.de\/shop\/wp-json\/wp\/v2\/product\/48166","targetHints":{"allow":["GET"]}}],"collection":[{"href":"https:\/\/all-pets.de\/shop\/wp-json\/wp\/v2\/product"}],"about":[{"href":"https:\/\/all-pets.de\/shop\/wp-json\/wp\/v2\/types\/product"}],"replies":[{"embeddable":true,"href":"https:\/\/all-pets.de\/shop\/wp-json\/wp\/v2\/comments?post=48166"}],"wp:featuredmedia":[{"embeddable":true,"href":"https:\/\/all-pets.de\/shop\/wp-json\/wp\/v2\/media\/48167"}],"wp:attachment":[{"href":"https:\/\/all-pets.de\/shop\/wp-json\/wp\/v2\/media?parent=48166"}],"wp:term":[{"taxonomy":"product_cat","embeddable":true,"href":"https:\/\/all-pets.de\/shop\/wp-json\/wp\/v2\/product_cat?post=48166"},{"taxonomy":"product_tag","embeddable":true,"href":"https:\/\/all-pets.de\/shop\/wp-json\/wp\/v2\/product_tag?post=48166"}],"curies":[{"name":"wp","href":"https:\/\/api.w.org\/{rel}","templated":true}]}}