{"id":48172,"date":"2023-12-12T10:57:01","date_gmt":"2023-12-12T09:57:01","guid":{"rendered":"https:\/\/pet-shopping.de\/shop\/produkt\/trixie-nistkasten-fuer-stare\/"},"modified":"2023-12-12T10:57:03","modified_gmt":"2023-12-12T09:57:03","slug":"trixie-nistkasten-fuer-stare","status":"publish","type":"product","link":"https:\/\/all-pets.de\/shop\/produkt\/trixie-nistkasten-fuer-stare\/","title":{"rendered":"Trixie Nistkasten f\u00fcr Stare"},"content":{"rendered":"<ul>\n<li>mit Spechtschutz<\/li>\n<li>mit aufklappbarer Front<\/li>\n<li>Kiefernholz, lasiert\/Metall, verzinkt<\/li>\n<li>Ma\u00dfe: ca. 18 \u00d7 31 \u00d7 16 cm\/\u00f8 4,5 cm<\/li>\n<\/ul>\n","protected":false},"excerpt":{"rendered":"<p>mit Spechtschutz mit aufklappbarer Front Kiefernholz, lasiert\/Metall, verzinkt Ma\u00dfe: ca. 18 \u00d7 31 \u00d7 16 cm\/\u00f8 4,5 cm<\/p>\n","protected":false},"featured_media":48173,"comment_status":"closed","ping_status":"open","template":"","meta":[],"product_cat":[13813],"product_tag":[],"class_list":{"0":"post-48172","1":"product","2":"type-product","3":"status-publish","4":"has-post-thumbnail","6":"product_cat-futterhaeuser-nistkaesten","8":"first","9":"instock","10":"taxable","11":"shipping-taxable","12":"purchasable","13":"product-type-simple"},"_links":{"self":[{"href":"https:\/\/all-pets.de\/shop\/wp-json\/wp\/v2\/product\/48172","targetHints":{"allow":["GET"]}}],"collection":[{"href":"https:\/\/all-pets.de\/shop\/wp-json\/wp\/v2\/product"}],"about":[{"href":"https:\/\/all-pets.de\/shop\/wp-json\/wp\/v2\/types\/product"}],"replies":[{"embeddable":true,"href":"https:\/\/all-pets.de\/shop\/wp-json\/wp\/v2\/comments?post=48172"}],"wp:featuredmedia":[{"embeddable":true,"href":"https:\/\/all-pets.de\/shop\/wp-json\/wp\/v2\/media\/48173"}],"wp:attachment":[{"href":"https:\/\/all-pets.de\/shop\/wp-json\/wp\/v2\/media?parent=48172"}],"wp:term":[{"taxonomy":"product_cat","embeddable":true,"href":"https:\/\/all-pets.de\/shop\/wp-json\/wp\/v2\/product_cat?post=48172"},{"taxonomy":"product_tag","embeddable":true,"href":"https:\/\/all-pets.de\/shop\/wp-json\/wp\/v2\/product_tag?post=48172"}],"curies":[{"name":"wp","href":"https:\/\/api.w.org\/{rel}","templated":true}]}}