{"id":48178,"date":"2023-12-12T10:57:01","date_gmt":"2023-12-12T09:57:01","guid":{"rendered":"https:\/\/pet-shopping.de\/shop\/produkt\/trixie-hundespielzeug-erdmaennchen\/"},"modified":"2023-12-12T10:57:04","modified_gmt":"2023-12-12T09:57:04","slug":"trixie-hundespielzeug-erdmaennchen","status":"publish","type":"product","link":"https:\/\/all-pets.de\/shop\/produkt\/trixie-hundespielzeug-erdmaennchen\/","title":{"rendered":"Trixie Hundespielzeug Erdm\u00e4nnchen"},"content":{"rendered":"<ul>\n<li>Pl\u00fcsch (Polyester)<\/li>\n<li>mit Stimme<\/li>\n<li>Gr\u00f6\u00dfe: ca. 40 cm<\/li>\n<\/ul>\n","protected":false},"excerpt":{"rendered":"<p>Pl\u00fcsch (Polyester) mit Stimme Gr\u00f6\u00dfe: ca. 40 cm<\/p>\n","protected":false},"featured_media":18973,"comment_status":"closed","ping_status":"open","template":"","meta":[],"product_cat":[13828],"product_tag":[],"class_list":{"0":"post-48178","1":"product","2":"type-product","3":"status-publish","4":"has-post-thumbnail","6":"product_cat-plueschspielzeug-hundespielzeug-sport","8":"first","9":"instock","10":"taxable","11":"shipping-taxable","12":"purchasable","13":"product-type-simple"},"_links":{"self":[{"href":"https:\/\/all-pets.de\/shop\/wp-json\/wp\/v2\/product\/48178","targetHints":{"allow":["GET"]}}],"collection":[{"href":"https:\/\/all-pets.de\/shop\/wp-json\/wp\/v2\/product"}],"about":[{"href":"https:\/\/all-pets.de\/shop\/wp-json\/wp\/v2\/types\/product"}],"replies":[{"embeddable":true,"href":"https:\/\/all-pets.de\/shop\/wp-json\/wp\/v2\/comments?post=48178"}],"wp:featuredmedia":[{"embeddable":true,"href":"https:\/\/all-pets.de\/shop\/wp-json\/wp\/v2\/media\/18973"}],"wp:attachment":[{"href":"https:\/\/all-pets.de\/shop\/wp-json\/wp\/v2\/media?parent=48178"}],"wp:term":[{"taxonomy":"product_cat","embeddable":true,"href":"https:\/\/all-pets.de\/shop\/wp-json\/wp\/v2\/product_cat?post=48178"},{"taxonomy":"product_tag","embeddable":true,"href":"https:\/\/all-pets.de\/shop\/wp-json\/wp\/v2\/product_tag?post=48178"}],"curies":[{"name":"wp","href":"https:\/\/api.w.org\/{rel}","templated":true}]}}