{"id":48179,"date":"2023-12-12T10:57:01","date_gmt":"2023-12-12T09:57:01","guid":{"rendered":"https:\/\/pet-shopping.de\/shop\/produkt\/trixie-3-fach-klapp-rampe-kunststoff-tpr\/"},"modified":"2023-12-12T10:57:04","modified_gmt":"2023-12-12T09:57:04","slug":"trixie-3-fach-klapp-rampe-kunststoff-tpr","status":"publish","type":"product","link":"https:\/\/all-pets.de\/shop\/produkt\/trixie-3-fach-klapp-rampe-kunststoff-tpr\/","title":{"rendered":"Trixie 3-fach Klapp-Rampe, Kunststoff\/TPR"},"content":{"rendered":"<ul>\n<li>rutschfeste Lauffl\u00e4che, auch bei N\u00e4sse<\/li>\n<li>platzsparend zu verstauen<\/li>\n<li>rutschfeste Gummif\u00fc\u00dfe<\/li>\n<li>Gewicht 3,8 kg<\/li>\n<li>mit Tragegriff<\/li>\n<li>aus Kunststoff\/TPR<\/li>\n<li>Ma\u00dfe: ca. 39 \u00d7 150 cm<\/li>\n<li>f\u00fcr Hunde bis zu: 25 kg<\/li>\n<\/ul>\n","protected":false},"excerpt":{"rendered":"<p>rutschfeste Lauffl\u00e4che, auch bei N\u00e4sse platzsparend zu verstauen rutschfeste Gummif\u00fc\u00dfe Gewicht 3,8 kg mit Tragegriff aus Kunststoff\/TPR Ma\u00dfe: ca. 39 \u00d7 150 cm f\u00fcr Hunde bis zu: 25 kg<\/p>\n","protected":false},"featured_media":5006,"comment_status":"closed","ping_status":"open","template":"","meta":[],"product_cat":[13724],"product_tag":[],"class_list":{"0":"post-48179","1":"product","2":"type-product","3":"status-publish","4":"has-post-thumbnail","6":"product_cat-nuetzliche-helfer","8":"first","9":"instock","10":"taxable","11":"shipping-taxable","12":"purchasable","13":"product-type-simple"},"_links":{"self":[{"href":"https:\/\/all-pets.de\/shop\/wp-json\/wp\/v2\/product\/48179","targetHints":{"allow":["GET"]}}],"collection":[{"href":"https:\/\/all-pets.de\/shop\/wp-json\/wp\/v2\/product"}],"about":[{"href":"https:\/\/all-pets.de\/shop\/wp-json\/wp\/v2\/types\/product"}],"replies":[{"embeddable":true,"href":"https:\/\/all-pets.de\/shop\/wp-json\/wp\/v2\/comments?post=48179"}],"wp:featuredmedia":[{"embeddable":true,"href":"https:\/\/all-pets.de\/shop\/wp-json\/wp\/v2\/media\/5006"}],"wp:attachment":[{"href":"https:\/\/all-pets.de\/shop\/wp-json\/wp\/v2\/media?parent=48179"}],"wp:term":[{"taxonomy":"product_cat","embeddable":true,"href":"https:\/\/all-pets.de\/shop\/wp-json\/wp\/v2\/product_cat?post=48179"},{"taxonomy":"product_tag","embeddable":true,"href":"https:\/\/all-pets.de\/shop\/wp-json\/wp\/v2\/product_tag?post=48179"}],"curies":[{"name":"wp","href":"https:\/\/api.w.org\/{rel}","templated":true}]}}