{"id":48180,"date":"2023-12-12T10:57:01","date_gmt":"2023-12-12T09:57:01","guid":{"rendered":"https:\/\/pet-shopping.de\/shop\/produkt\/trixie-licknsnack-schleckplatte\/"},"modified":"2023-12-12T10:57:04","modified_gmt":"2023-12-12T09:57:04","slug":"trixie-licknsnack-schleckplatte","status":"publish","type":"product","link":"https:\/\/all-pets.de\/shop\/produkt\/trixie-licknsnack-schleckplatte\/","title":{"rendered":"Trixie Lick&#8217;n&#8217;Snack Schleckplatte"},"content":{"rendered":"<ul>\n<li> thermoplastisches Gummi (TPR), Kunststoff <\/li>\n<li> Schlecken beruhigt und sorgt f\u00fcr Ruhephasen <\/li>\n<li> geringe Aufnahme von Snacks bei langer Besch\u00e4ftigungsdauer <\/li>\n<li> mit z. B. Pasten, Nassfutter oder Molkereiprodukten zu bestreichen <\/li>\n<li> f\u00fcr den Frischekick mit Snacks bef\u00fcllen und einfrieren <\/li>\n<li> Rand f\u00e4ngt Fl\u00fcssigkeiten auf <\/li>\n<li> rutschfeste Ecken <\/li>\n<li>Ma\u00dfe: ca. 20 x 20 cm<\/li>\n<\/ul>\n","protected":false},"excerpt":{"rendered":"<p>thermoplastisches Gummi (TPR), Kunststoff Schlecken beruhigt und sorgt f\u00fcr Ruhephasen geringe Aufnahme von Snacks bei langer Besch\u00e4ftigungsdauer mit z. B. Pasten, Nassfutter oder Molkereiprodukten zu bestreichen f\u00fcr den Frischekick mit Snacks bef\u00fcllen und einfrieren Rand f\u00e4ngt Fl\u00fcssigkeiten auf rutschfeste Ecken Ma\u00dfe: ca. 20 x 20 cm<\/p>\n","protected":false},"featured_media":23806,"comment_status":"closed","ping_status":"open","template":"","meta":[],"product_cat":[13793],"product_tag":[],"class_list":{"0":"post-48180","1":"product","2":"type-product","3":"status-publish","4":"has-post-thumbnail","6":"product_cat-intelligenz","8":"first","9":"instock","10":"taxable","11":"shipping-taxable","12":"purchasable","13":"product-type-simple"},"_links":{"self":[{"href":"https:\/\/all-pets.de\/shop\/wp-json\/wp\/v2\/product\/48180","targetHints":{"allow":["GET"]}}],"collection":[{"href":"https:\/\/all-pets.de\/shop\/wp-json\/wp\/v2\/product"}],"about":[{"href":"https:\/\/all-pets.de\/shop\/wp-json\/wp\/v2\/types\/product"}],"replies":[{"embeddable":true,"href":"https:\/\/all-pets.de\/shop\/wp-json\/wp\/v2\/comments?post=48180"}],"wp:featuredmedia":[{"embeddable":true,"href":"https:\/\/all-pets.de\/shop\/wp-json\/wp\/v2\/media\/23806"}],"wp:attachment":[{"href":"https:\/\/all-pets.de\/shop\/wp-json\/wp\/v2\/media?parent=48180"}],"wp:term":[{"taxonomy":"product_cat","embeddable":true,"href":"https:\/\/all-pets.de\/shop\/wp-json\/wp\/v2\/product_cat?post=48180"},{"taxonomy":"product_tag","embeddable":true,"href":"https:\/\/all-pets.de\/shop\/wp-json\/wp\/v2\/product_tag?post=48180"}],"curies":[{"name":"wp","href":"https:\/\/api.w.org\/{rel}","templated":true}]}}