{"id":48183,"date":"2023-12-12T10:57:01","date_gmt":"2023-12-12T09:57:01","guid":{"rendered":"https:\/\/pet-shopping.de\/shop\/produkt\/catit-play-pirates-tuer-kratzbrett\/"},"modified":"2023-12-12T10:57:04","modified_gmt":"2023-12-12T09:57:04","slug":"catit-play-pirates-tuer-kratzbrett","status":"publish","type":"product","link":"https:\/\/all-pets.de\/shop\/produkt\/catit-play-pirates-tuer-kratzbrett\/","title":{"rendered":"CATIT Play Pirates T\u00fcr-Kratzbrett"},"content":{"rendered":"<p>Gehen Sie mit uns auf gro\u00dfe Kaperfahrt und erleben Sie tolle Abenteuer mit den neuen Catit Play Pirates!<\/p>\n<p>Beobachten Sie, wie Ihre Katze einen Beutel mit Gold jagt oder eine Granate anz\u00fcndet wie ein echter Pirat! Jedes dieser Spielzeuge ist mit verlockender Katzenminze gef\u00fcllt.<\/p>\n<p>L\u00e4nge: ca. 48 cm<\/p>\n","protected":false},"excerpt":{"rendered":"<p>Gehen Sie mit uns auf gro\u00dfe Kaperfahrt und erleben Sie tolle Abenteuer mit den neuen Catit Play Pirates! Beobachten Sie, wie Ihre Katze einen Beutel mit Gold jagt oder eine Granate anz\u00fcndet wie ein echter Pirat! Jedes dieser Spielzeuge ist mit verlockender Katzenminze gef\u00fcllt. L\u00e4nge: ca. 48 cm<\/p>\n","protected":false},"featured_media":31514,"comment_status":"closed","ping_status":"open","template":"","meta":[],"product_cat":[14595],"product_tag":[],"class_list":{"0":"post-48183","1":"product","2":"type-product","3":"status-publish","4":"has-post-thumbnail","6":"product_cat-kratzbretter-artikel-kratzbaeume-moebel","8":"first","9":"instock","10":"taxable","11":"shipping-taxable","12":"purchasable","13":"product-type-simple"},"_links":{"self":[{"href":"https:\/\/all-pets.de\/shop\/wp-json\/wp\/v2\/product\/48183","targetHints":{"allow":["GET"]}}],"collection":[{"href":"https:\/\/all-pets.de\/shop\/wp-json\/wp\/v2\/product"}],"about":[{"href":"https:\/\/all-pets.de\/shop\/wp-json\/wp\/v2\/types\/product"}],"replies":[{"embeddable":true,"href":"https:\/\/all-pets.de\/shop\/wp-json\/wp\/v2\/comments?post=48183"}],"wp:featuredmedia":[{"embeddable":true,"href":"https:\/\/all-pets.de\/shop\/wp-json\/wp\/v2\/media\/31514"}],"wp:attachment":[{"href":"https:\/\/all-pets.de\/shop\/wp-json\/wp\/v2\/media?parent=48183"}],"wp:term":[{"taxonomy":"product_cat","embeddable":true,"href":"https:\/\/all-pets.de\/shop\/wp-json\/wp\/v2\/product_cat?post=48183"},{"taxonomy":"product_tag","embeddable":true,"href":"https:\/\/all-pets.de\/shop\/wp-json\/wp\/v2\/product_tag?post=48183"}],"curies":[{"name":"wp","href":"https:\/\/api.w.org\/{rel}","templated":true}]}}