{"id":48184,"date":"2023-12-12T10:57:01","date_gmt":"2023-12-12T09:57:01","guid":{"rendered":"https:\/\/pet-shopping.de\/shop\/produkt\/classic-dog-snack-pferde-mix-200-g\/"},"modified":"2023-12-12T10:57:04","modified_gmt":"2023-12-12T09:57:04","slug":"classic-dog-snack-pferde-mix-200-g","status":"publish","type":"product","link":"https:\/\/all-pets.de\/shop\/produkt\/classic-dog-snack-pferde-mix-200-g\/","title":{"rendered":"Classic Dog Snack Pferde-Mix 200 g"},"content":{"rendered":"<p>Pferde &#8211; Mix ist proteinreich und besonders leicht verdaulich. <br \/> Pferde &#8211; Mix ist eine besonders empfehlenswerte Alternative bei Nahrungsmittel-Unvertr\u00e4glichkeiten, Allergieprobleme und Magen- Darm-Empfindlichkeit. Ist leicht bek\u00f6mmlich, kalorien- und cholesterinarm.<\/p>\n<p>Beim Zerkauen werden gleichzeitig die Z\u00e4hne von Bel\u00e4gen befreit, das Zahnfleisch massiert und die Kaumuskeln gekr\u00e4ftigt.<\/p>\n<p>Pferde &#8211; Mix wird in einem speziellen Verfahren schonend getrocknet.<br \/> Trockenfleisch bietet eine ideale Alternative zu frischen Fleischteilen vom Metzger.<br \/> Es ist ebenso nahrhaft bei l\u00e4ngerer Lagerf\u00e4higkeit und angenehmeren Geruch.<\/p>\n<p>Pferde &#8211; Mix ist aus 100% nat\u00fcrlichem Fleisch ohne k\u00fcnstliche Farbstoffe und ohne Konservierungsstoffe.<\/p>\n<p>Bitte lagern Sie dieses Produkt immer k\u00fchl und trocken.<\/p>\n<p><strong>Inhaltsstoffe:<\/strong> <\/p>\n<p>Protein: 83,60% Fett: 04,00% Feuchtigkeit: 07,10%<\/p>\n<p><strong>F\u00fctterungsempfehlung:<\/strong> <\/p>\n<p>Als Belohnungssnack erg\u00e4nzend zur gewohnten Hauptnahrung. Bitte immer ausreichend Wasser zur Verf\u00fcgung stellen.<\/p>\n","protected":false},"excerpt":{"rendered":"<p>Pferde &#8211; Mix ist proteinreich und besonders leicht verdaulich. Pferde &#8211; Mix ist eine besonders empfehlenswerte Alternative bei Nahrungsmittel-Unvertr\u00e4glichkeiten, Allergieprobleme und Magen- Darm-Empfindlichkeit. Ist leicht bek\u00f6mmlich, kalorien- und cholesterinarm. Beim Zerkauen werden gleichzeitig die Z\u00e4hne von Bel\u00e4gen befreit, das Zahnfleisch massiert und die Kaumuskeln gekr\u00e4ftigt. Pferde &#8211; Mix wird in einem speziellen Verfahren schonend getrocknet. [&hellip;]<\/p>\n","protected":false},"featured_media":16386,"comment_status":"closed","ping_status":"open","template":"","meta":[],"product_cat":[13902],"product_tag":[],"class_list":{"0":"post-48184","1":"product","2":"type-product","3":"status-publish","4":"has-post-thumbnail","6":"product_cat-classic-trockenware","8":"first","9":"instock","10":"taxable","11":"shipping-taxable","12":"purchasable","13":"product-type-simple"},"_links":{"self":[{"href":"https:\/\/all-pets.de\/shop\/wp-json\/wp\/v2\/product\/48184","targetHints":{"allow":["GET"]}}],"collection":[{"href":"https:\/\/all-pets.de\/shop\/wp-json\/wp\/v2\/product"}],"about":[{"href":"https:\/\/all-pets.de\/shop\/wp-json\/wp\/v2\/types\/product"}],"replies":[{"embeddable":true,"href":"https:\/\/all-pets.de\/shop\/wp-json\/wp\/v2\/comments?post=48184"}],"wp:featuredmedia":[{"embeddable":true,"href":"https:\/\/all-pets.de\/shop\/wp-json\/wp\/v2\/media\/16386"}],"wp:attachment":[{"href":"https:\/\/all-pets.de\/shop\/wp-json\/wp\/v2\/media?parent=48184"}],"wp:term":[{"taxonomy":"product_cat","embeddable":true,"href":"https:\/\/all-pets.de\/shop\/wp-json\/wp\/v2\/product_cat?post=48184"},{"taxonomy":"product_tag","embeddable":true,"href":"https:\/\/all-pets.de\/shop\/wp-json\/wp\/v2\/product_tag?post=48184"}],"curies":[{"name":"wp","href":"https:\/\/api.w.org\/{rel}","templated":true}]}}