{"id":48185,"date":"2023-12-12T10:57:05","date_gmt":"2023-12-12T09:57:05","guid":{"rendered":"https:\/\/pet-shopping.de\/shop\/produkt\/mascota-vital-ziege-trockenfleisch-100g\/"},"modified":"2023-12-12T10:57:06","modified_gmt":"2023-12-12T09:57:06","slug":"mascota-vital-ziege-trockenfleisch-100g","status":"publish","type":"product","link":"https:\/\/all-pets.de\/shop\/produkt\/mascota-vital-ziege-trockenfleisch-100g\/","title":{"rendered":"Mascota Vital Ziege-Trockenfleisch 100g"},"content":{"rendered":"<ul>\n<li>100% getrocknetes Fleisch<\/li>\n<li>keine k\u00fcnstlichen Zusatzstoffe<\/li>\n<li>bestens geeignet f\u00fcr ern\u00e4hrungssensible Hunde<\/li>\n<li>durch weiche Konsistenz auch f\u00fcr j\u00fcngere und \u00e4ltere Hunde geeignet <\/li>\n<\/ul>\n<p>Einzelfuttermittel f\u00fcr Hunde<\/p>\n<div class=\"col medium-1\/3 large-4\">\n<div class=\"col-inner\">Zusammensetzung:<br \/> 100% Ziege, schonend getrocknet<\/div>\n<div class=\"col-inner\">\u00a0<\/div>\n<div class=\"col-inner\"><\/div>\n<\/div>\n<div class=\"col medium-2\/3 large-8\">\n<div class=\"col-inner\">Analytische Bestandteile:<br \/> Rohprotein: 71.0%, Roh\u00f6le und -fette: 6.0%, Rohasche: 4.0%, Restfeuchte: 9.0%<\/div>\n<\/div>\n","protected":false},"excerpt":{"rendered":"<p>100% getrocknetes Fleisch keine k\u00fcnstlichen Zusatzstoffe bestens geeignet f\u00fcr ern\u00e4hrungssensible Hunde durch weiche Konsistenz auch f\u00fcr j\u00fcngere und \u00e4ltere Hunde geeignet Einzelfuttermittel f\u00fcr Hunde Zusammensetzung: 100% Ziege, schonend getrocknet \u00a0 Analytische Bestandteile: Rohprotein: 71.0%, Roh\u00f6le und -fette: 6.0%, Rohasche: 4.0%, Restfeuchte: 9.0%<\/p>\n","protected":false},"featured_media":17011,"comment_status":"closed","ping_status":"open","template":"","meta":[],"product_cat":[13815],"product_tag":[],"class_list":{"0":"post-48185","1":"product","2":"type-product","3":"status-publish","4":"has-post-thumbnail","6":"product_cat-mascota-vital","8":"first","9":"instock","10":"taxable","11":"shipping-taxable","12":"purchasable","13":"product-type-simple"},"_links":{"self":[{"href":"https:\/\/all-pets.de\/shop\/wp-json\/wp\/v2\/product\/48185","targetHints":{"allow":["GET"]}}],"collection":[{"href":"https:\/\/all-pets.de\/shop\/wp-json\/wp\/v2\/product"}],"about":[{"href":"https:\/\/all-pets.de\/shop\/wp-json\/wp\/v2\/types\/product"}],"replies":[{"embeddable":true,"href":"https:\/\/all-pets.de\/shop\/wp-json\/wp\/v2\/comments?post=48185"}],"wp:featuredmedia":[{"embeddable":true,"href":"https:\/\/all-pets.de\/shop\/wp-json\/wp\/v2\/media\/17011"}],"wp:attachment":[{"href":"https:\/\/all-pets.de\/shop\/wp-json\/wp\/v2\/media?parent=48185"}],"wp:term":[{"taxonomy":"product_cat","embeddable":true,"href":"https:\/\/all-pets.de\/shop\/wp-json\/wp\/v2\/product_cat?post=48185"},{"taxonomy":"product_tag","embeddable":true,"href":"https:\/\/all-pets.de\/shop\/wp-json\/wp\/v2\/product_tag?post=48185"}],"curies":[{"name":"wp","href":"https:\/\/api.w.org\/{rel}","templated":true}]}}