{"id":48187,"date":"2023-12-12T10:57:05","date_gmt":"2023-12-12T09:57:05","guid":{"rendered":"https:\/\/pet-shopping.de\/shop\/produkt\/catit-senses-2-0-mini-blumentrinkbrunnen\/"},"modified":"2023-12-12T10:57:06","modified_gmt":"2023-12-12T09:57:06","slug":"catit-senses-2-0-mini-blumentrinkbrunnen","status":"publish","type":"product","link":"https:\/\/all-pets.de\/shop\/produkt\/catit-senses-2-0-mini-blumentrinkbrunnen\/","title":{"rendered":"Catit Senses 2.0 Mini-Blumentrinkbrunnen"},"content":{"rendered":"<p>Der Catit Mini-Blumentrinkbrunnen arbeitet mit flie\u00dfendem Wasser, um Ihr Heimtier dazu zu ermuntern, mehr zu trinken. F\u00fcr die Gesundheit Ihrer Katze ist es wichtig, regelm\u00e4\u00dfig zu trinken, da dies zu einer einwandfreien Nierenfunktion beitr\u00e4gt und das Risiko von Kristallbildungen verhindert, die zu Harnwegserkrankungen f\u00fchren k\u00f6nnen.<\/p>\n<p>3 verschiedene Einstellungen f\u00fcr den Wasserfluss f\u00fcr w\u00e4hlerische Katzen: sanfter Wasserfluss, sprudelndes Wasser oder ruhiger Wasserfluss.<\/p>\n<p>&#8211; Schnurrhaarfreundliches Design<br \/> &#8211; Kompaktes Reservoir mit 1,5 l<br \/> &#8211; Filtereinsatz enthalten<br \/> &#8211; Mit Niederspannungspumpe<\/p>\n<p>Der Catit Blumentrinkbrunnen kann einfach auseinander genommen und gereinigt werden. Waschen Sie einfach jedes Teil mit Neutralseife (ohne Chemikalien oder Scheuermittel) mit der Hand ab und sp\u00fclen Sie die Teile gr\u00fcndlich ab. <\/p>\n<p>Ma\u00dfe:<br \/> Grundfl\u00e4che 14 x 14 cm<br \/> H\u00f6he 8,5 cm + Blume<\/p>\n","protected":false},"excerpt":{"rendered":"<p>Der Catit Mini-Blumentrinkbrunnen arbeitet mit flie\u00dfendem Wasser, um Ihr Heimtier dazu zu ermuntern, mehr zu trinken. F\u00fcr die Gesundheit Ihrer Katze ist es wichtig, regelm\u00e4\u00dfig zu trinken, da dies zu einer einwandfreien Nierenfunktion beitr\u00e4gt und das Risiko von Kristallbildungen verhindert, die zu Harnwegserkrankungen f\u00fchren k\u00f6nnen. 3 verschiedene Einstellungen f\u00fcr den Wasserfluss f\u00fcr w\u00e4hlerische Katzen: sanfter [&hellip;]<\/p>\n","protected":false},"featured_media":25315,"comment_status":"closed","ping_status":"open","template":"","meta":[],"product_cat":[13880],"product_tag":[],"class_list":{"0":"post-48187","1":"product","2":"type-product","3":"status-publish","4":"has-post-thumbnail","6":"product_cat-katzentraenken-trinkbrunnen-katzennaepfe-traenken","8":"first","9":"instock","10":"taxable","11":"shipping-taxable","12":"purchasable","13":"product-type-simple"},"_links":{"self":[{"href":"https:\/\/all-pets.de\/shop\/wp-json\/wp\/v2\/product\/48187","targetHints":{"allow":["GET"]}}],"collection":[{"href":"https:\/\/all-pets.de\/shop\/wp-json\/wp\/v2\/product"}],"about":[{"href":"https:\/\/all-pets.de\/shop\/wp-json\/wp\/v2\/types\/product"}],"replies":[{"embeddable":true,"href":"https:\/\/all-pets.de\/shop\/wp-json\/wp\/v2\/comments?post=48187"}],"wp:featuredmedia":[{"embeddable":true,"href":"https:\/\/all-pets.de\/shop\/wp-json\/wp\/v2\/media\/25315"}],"wp:attachment":[{"href":"https:\/\/all-pets.de\/shop\/wp-json\/wp\/v2\/media?parent=48187"}],"wp:term":[{"taxonomy":"product_cat","embeddable":true,"href":"https:\/\/all-pets.de\/shop\/wp-json\/wp\/v2\/product_cat?post=48187"},{"taxonomy":"product_tag","embeddable":true,"href":"https:\/\/all-pets.de\/shop\/wp-json\/wp\/v2\/product_tag?post=48187"}],"curies":[{"name":"wp","href":"https:\/\/api.w.org\/{rel}","templated":true}]}}