{"id":48190,"date":"2023-12-12T10:57:05","date_gmt":"2023-12-12T09:57:05","guid":{"rendered":"https:\/\/pet-shopping.de\/shop\/produkt\/classic-dog-snack-milchchips-200g\/"},"modified":"2023-12-12T10:57:06","modified_gmt":"2023-12-12T09:57:06","slug":"classic-dog-snack-milchchips-200g","status":"publish","type":"product","link":"https:\/\/all-pets.de\/shop\/produkt\/classic-dog-snack-milchchips-200g\/","title":{"rendered":"Classic Dog Snack Milchchips 200g"},"content":{"rendered":"<p style=\"color: #000000  font-family: Arial, Helvetica, sans-serif\">Milchchips sind ein bek\u00f6mmlicher Belohnungssnack aus nat\u00fcrlichem Rindereuter hergestellt.<\/p>\n<p style=\"color: #000000  font-family: Arial, Helvetica, sans-serif\">Die Milchchips sind herzhafte und magere Leckerbissen f\u00fcr jeden Hund.<\/p>\n<p style=\"color: #000000  font-family: Arial, Helvetica, sans-serif\">Sie sind nahrhaft, besonders leicht verdaulich und somit ein idealer Snack f\u00fcr zwischendurch.<\/p>\n<p><strong>Inhaltsstoffe:<\/strong> <\/p>\n<p><span style=\"color: #000000  font-family: Arial, Helvetica, sans-serif\">Protein 38,0%, Fettgehalt 5,0%, Feuchtigkeit 8,5%<\/span><\/p>\n<p><strong>F\u00fctterungsempfehlung:<\/strong> <\/p>\n<p><span style=\"color: #000000  font-family: Arial, Helvetica, sans-serif\">Als Belohnungssnack erg\u00e4nzend zur gewohnten Hauptnahrung. Bitte immer ausreichend Wasser zur Verf\u00fcgung stellen.<\/span><\/p>\n","protected":false},"excerpt":{"rendered":"<p>Milchchips sind ein bek\u00f6mmlicher Belohnungssnack aus nat\u00fcrlichem Rindereuter hergestellt. Die Milchchips sind herzhafte und magere Leckerbissen f\u00fcr jeden Hund. Sie sind nahrhaft, besonders leicht verdaulich und somit ein idealer Snack f\u00fcr zwischendurch. Inhaltsstoffe: Protein 38,0%, Fettgehalt 5,0%, Feuchtigkeit 8,5% F\u00fctterungsempfehlung: Als Belohnungssnack erg\u00e4nzend zur gewohnten Hauptnahrung. Bitte immer ausreichend Wasser zur Verf\u00fcgung stellen.<\/p>\n","protected":false},"featured_media":20219,"comment_status":"closed","ping_status":"open","template":"","meta":[],"product_cat":[13902],"product_tag":[],"class_list":{"0":"post-48190","1":"product","2":"type-product","3":"status-publish","4":"has-post-thumbnail","6":"product_cat-classic-trockenware","8":"first","9":"instock","10":"taxable","11":"shipping-taxable","12":"purchasable","13":"product-type-simple"},"_links":{"self":[{"href":"https:\/\/all-pets.de\/shop\/wp-json\/wp\/v2\/product\/48190","targetHints":{"allow":["GET"]}}],"collection":[{"href":"https:\/\/all-pets.de\/shop\/wp-json\/wp\/v2\/product"}],"about":[{"href":"https:\/\/all-pets.de\/shop\/wp-json\/wp\/v2\/types\/product"}],"replies":[{"embeddable":true,"href":"https:\/\/all-pets.de\/shop\/wp-json\/wp\/v2\/comments?post=48190"}],"wp:featuredmedia":[{"embeddable":true,"href":"https:\/\/all-pets.de\/shop\/wp-json\/wp\/v2\/media\/20219"}],"wp:attachment":[{"href":"https:\/\/all-pets.de\/shop\/wp-json\/wp\/v2\/media?parent=48190"}],"wp:term":[{"taxonomy":"product_cat","embeddable":true,"href":"https:\/\/all-pets.de\/shop\/wp-json\/wp\/v2\/product_cat?post=48190"},{"taxonomy":"product_tag","embeddable":true,"href":"https:\/\/all-pets.de\/shop\/wp-json\/wp\/v2\/product_tag?post=48190"}],"curies":[{"name":"wp","href":"https:\/\/api.w.org\/{rel}","templated":true}]}}