{"id":48197,"date":"2023-12-12T10:57:05","date_gmt":"2023-12-12T09:57:05","guid":{"rendered":"https:\/\/pet-shopping.de\/shop\/produkt\/bunny-bedding-active-35l\/"},"modified":"2023-12-12T10:57:07","modified_gmt":"2023-12-12T09:57:07","slug":"bunny-bedding-active-35l","status":"publish","type":"product","link":"https:\/\/all-pets.de\/shop\/produkt\/bunny-bedding-active-35l\/","title":{"rendered":"Bunny Bedding Active 35l"},"content":{"rendered":"<p><strong>bunnyBedding Active<\/strong> vereint viele hervorragende Produkteigenschaften in sich: Fantastische Saugkraft, super-pfotensoft, ideal f\u00fcr stabilen Tunnelbau und noch vieles mehr. Um den Tieren einen nat\u00fcrlichen Abenteuerspielplatz zu erm\u00f6glichen, so dass sie sich ganz nach ihren nat\u00fcrlichen Instinkten bewegen k\u00f6nnen, streut man am besten besonders hoch ein.<\/p>\n<ul>\n<li>F\u00f6rdert nat\u00fcrliche Aktivit\u00e4t, sorgt f\u00fcr Besch\u00e4ftigung <\/li>\n<li>Stabile Tunnel und G\u00e4nge<\/li>\n<li>Tolle Beobachtungsm\u00f6glichkeiten<\/li>\n<li>Sehr gute Saugkraft<\/li>\n<li>Super-pfotensoft<\/li>\n<li>Staubarm, schonend f\u00fcr die Atemwege  <\/li>\n<\/ul>\n<div>Zusammensetzung: <\/p>\n<p>Leinenfasern,\u00a0Strohpellets,\u00a0Kiefern-Kernholz<\/p>\n<\/div>\n","protected":false},"excerpt":{"rendered":"<p>bunnyBedding Active vereint viele hervorragende Produkteigenschaften in sich: Fantastische Saugkraft, super-pfotensoft, ideal f\u00fcr stabilen Tunnelbau und noch vieles mehr. Um den Tieren einen nat\u00fcrlichen Abenteuerspielplatz zu erm\u00f6glichen, so dass sie sich ganz nach ihren nat\u00fcrlichen Instinkten bewegen k\u00f6nnen, streut man am besten besonders hoch ein. F\u00f6rdert nat\u00fcrliche Aktivit\u00e4t, sorgt f\u00fcr Besch\u00e4ftigung Stabile Tunnel und G\u00e4nge [&hellip;]<\/p>\n","protected":false},"featured_media":23296,"comment_status":"closed","ping_status":"open","template":"","meta":[],"product_cat":[14001],"product_tag":[],"class_list":{"0":"post-48197","1":"product","2":"type-product","3":"status-publish","4":"has-post-thumbnail","6":"product_cat-einstreu-nistmaterial-ausstattung-zubehoer-kleintierwelt","8":"first","9":"instock","10":"taxable","11":"shipping-taxable","12":"purchasable","13":"product-type-simple"},"_links":{"self":[{"href":"https:\/\/all-pets.de\/shop\/wp-json\/wp\/v2\/product\/48197","targetHints":{"allow":["GET"]}}],"collection":[{"href":"https:\/\/all-pets.de\/shop\/wp-json\/wp\/v2\/product"}],"about":[{"href":"https:\/\/all-pets.de\/shop\/wp-json\/wp\/v2\/types\/product"}],"replies":[{"embeddable":true,"href":"https:\/\/all-pets.de\/shop\/wp-json\/wp\/v2\/comments?post=48197"}],"wp:featuredmedia":[{"embeddable":true,"href":"https:\/\/all-pets.de\/shop\/wp-json\/wp\/v2\/media\/23296"}],"wp:attachment":[{"href":"https:\/\/all-pets.de\/shop\/wp-json\/wp\/v2\/media?parent=48197"}],"wp:term":[{"taxonomy":"product_cat","embeddable":true,"href":"https:\/\/all-pets.de\/shop\/wp-json\/wp\/v2\/product_cat?post=48197"},{"taxonomy":"product_tag","embeddable":true,"href":"https:\/\/all-pets.de\/shop\/wp-json\/wp\/v2\/product_tag?post=48197"}],"curies":[{"name":"wp","href":"https:\/\/api.w.org\/{rel}","templated":true}]}}