{"id":48198,"date":"2023-12-12T10:57:05","date_gmt":"2023-12-12T09:57:05","guid":{"rendered":"https:\/\/pet-shopping.de\/shop\/produkt\/karlie-flamingo-perfect-care-quickn-clean-fleckentferner-300-ml\/"},"modified":"2023-12-12T10:57:07","modified_gmt":"2023-12-12T09:57:07","slug":"karlie-flamingo-perfect-care-quickn-clean-fleckentferner-300-ml","status":"publish","type":"product","link":"https:\/\/all-pets.de\/shop\/produkt\/karlie-flamingo-perfect-care-quickn-clean-fleckentferner-300-ml\/","title":{"rendered":"Karlie Flamingo Perfect Care Quick`n Clean Fleckentferner &#8211; 300 ml"},"content":{"rendered":"<div class=\"data item content\" id=\"product.info.description\" data-role=\"content\" aria-labelledby=\"tab-label-product.info.description\" role=\"tabpanel\" aria-hidden=\"false\">\n<div class=\"product attribute description\">\n<div class=\"value\">\n<p>Der Quick`n Clean Fleckentferner entfernt gr\u00fcndlich und sicher Flecken aller Art, wie z.B. Urin, Blut, Kot und Erbrochenes aus Textilien, Teppichen, Autopolstern, Decken und von M\u00f6beln.<\/p>\n<p>Inhalt: 300 ml<\/p>\n<p>ANWENDUNG: Grobe Verunreinigungen entfernen. Quick`n Clean Fleckentferner einfach auf ein Tuch spr\u00fchen und den Fleck weg reiben oder direkt auf den Fleck spr\u00fchen, kurz einwirken lassen und dann mit einem Schwamm oder Tuch einmassieren bis es sch\u00e4umt. Danach entweder den Fleck mit klarem Wasser abreiben und trocknen lassen oder nach dem Trocknen mit einem Staubsauger absaugen. Vor Gebrauch die Materialvertr\u00e4glichkeit an unauff\u00e4lliger Stelle testen. Bei Bedarf den Vorgang wiederholen.<\/p>\n<\/div>\n<\/div>\n<\/div>\n","protected":false},"excerpt":{"rendered":"<p>Der Quick`n Clean Fleckentferner entfernt gr\u00fcndlich und sicher Flecken aller Art, wie z.B. Urin, Blut, Kot und Erbrochenes aus Textilien, Teppichen, Autopolstern, Decken und von M\u00f6beln. Inhalt: 300 ml ANWENDUNG: Grobe Verunreinigungen entfernen. Quick`n Clean Fleckentferner einfach auf ein Tuch spr\u00fchen und den Fleck weg reiben oder direkt auf den Fleck spr\u00fchen, kurz einwirken lassen [&hellip;]<\/p>\n","protected":false},"featured_media":35980,"comment_status":"closed","ping_status":"open","template":"","meta":[],"product_cat":[15023],"product_tag":[],"class_list":{"0":"post-48198","1":"product","2":"type-product","3":"status-publish","4":"has-post-thumbnail","6":"product_cat-nuetzliches-zubehoer-katzennaepfe-traenken-2","8":"first","9":"instock","10":"taxable","11":"shipping-taxable","12":"purchasable","13":"product-type-simple"},"_links":{"self":[{"href":"https:\/\/all-pets.de\/shop\/wp-json\/wp\/v2\/product\/48198","targetHints":{"allow":["GET"]}}],"collection":[{"href":"https:\/\/all-pets.de\/shop\/wp-json\/wp\/v2\/product"}],"about":[{"href":"https:\/\/all-pets.de\/shop\/wp-json\/wp\/v2\/types\/product"}],"replies":[{"embeddable":true,"href":"https:\/\/all-pets.de\/shop\/wp-json\/wp\/v2\/comments?post=48198"}],"wp:featuredmedia":[{"embeddable":true,"href":"https:\/\/all-pets.de\/shop\/wp-json\/wp\/v2\/media\/35980"}],"wp:attachment":[{"href":"https:\/\/all-pets.de\/shop\/wp-json\/wp\/v2\/media?parent=48198"}],"wp:term":[{"taxonomy":"product_cat","embeddable":true,"href":"https:\/\/all-pets.de\/shop\/wp-json\/wp\/v2\/product_cat?post=48198"},{"taxonomy":"product_tag","embeddable":true,"href":"https:\/\/all-pets.de\/shop\/wp-json\/wp\/v2\/product_tag?post=48198"}],"curies":[{"name":"wp","href":"https:\/\/api.w.org\/{rel}","templated":true}]}}