{"id":48214,"date":"2023-12-12T10:57:13","date_gmt":"2023-12-12T09:57:13","guid":{"rendered":"https:\/\/pet-shopping.de\/shop\/produkt\/karlie-flamingo-perfect-care-quickn-fresh-geruchsentferner-300-ml\/"},"modified":"2023-12-12T10:57:13","modified_gmt":"2023-12-12T09:57:13","slug":"karlie-flamingo-perfect-care-quickn-fresh-geruchsentferner-300-ml","status":"publish","type":"product","link":"https:\/\/all-pets.de\/shop\/produkt\/karlie-flamingo-perfect-care-quickn-fresh-geruchsentferner-300-ml\/","title":{"rendered":"Karlie Flamingo Perfect Care Quick&#8217;n Fresh Geruchsentferner &#8211; 300 ml"},"content":{"rendered":"<div class=\"data item content\" id=\"product.info.description\" data-role=\"content\" aria-labelledby=\"tab-label-product.info.description\" role=\"tabpanel\" aria-hidden=\"false\">\n<div class=\"product attribute description\">\n<div class=\"value\">\n<p>Der Quick&#8217;n Fresh Geruchsentferner beseitigt schnell und einfach unangenehme Ger\u00fcche aller Art, wie z.B. von Urin, Blut, Kot und Erbrochenem. Auch f\u00fcr Protestpinkler, reviermarkierende oder inkontinente Haustiere geeignet. F\u00fcr alle Fl\u00e4chen wie z.B. Textilien, Teppiche, Autopolster, Decken, Katzentoiletten, Pinkel-Unterlagen und M\u00f6bel. Er sorgt stundenlang f\u00fcr frischen Duft in diesen Bereichen.<\/p>\n<p>ANWENDUNG: Quick`n Fresh Geruchsentferner ist gebrauchsfertig und wird einfach auf die zu behandelnden Stellen aufgespr\u00fcht. Vor Gebrauch die Materialvertr\u00e4glichkeit an unauff\u00e4lliger Stelle testen. Verwenden sie es regelm\u00e4\u00dfig, um hartn\u00e4ckige Ger\u00fcche zu beseitigen.<\/p>\n<\/div>\n<\/div>\n<\/div>\n","protected":false},"excerpt":{"rendered":"<p>Der Quick&#8217;n Fresh Geruchsentferner beseitigt schnell und einfach unangenehme Ger\u00fcche aller Art, wie z.B. von Urin, Blut, Kot und Erbrochenem. Auch f\u00fcr Protestpinkler, reviermarkierende oder inkontinente Haustiere geeignet. F\u00fcr alle Fl\u00e4chen wie z.B. Textilien, Teppiche, Autopolster, Decken, Katzentoiletten, Pinkel-Unterlagen und M\u00f6bel. Er sorgt stundenlang f\u00fcr frischen Duft in diesen Bereichen. ANWENDUNG: Quick`n Fresh Geruchsentferner ist [&hellip;]<\/p>\n","protected":false},"featured_media":21476,"comment_status":"closed","ping_status":"open","template":"","meta":[],"product_cat":[],"product_tag":[],"class_list":{"0":"post-48214","1":"product","2":"type-product","3":"status-publish","4":"has-post-thumbnail","7":"first","8":"instock","9":"taxable","10":"shipping-taxable","11":"purchasable","12":"product-type-simple"},"_links":{"self":[{"href":"https:\/\/all-pets.de\/shop\/wp-json\/wp\/v2\/product\/48214","targetHints":{"allow":["GET"]}}],"collection":[{"href":"https:\/\/all-pets.de\/shop\/wp-json\/wp\/v2\/product"}],"about":[{"href":"https:\/\/all-pets.de\/shop\/wp-json\/wp\/v2\/types\/product"}],"replies":[{"embeddable":true,"href":"https:\/\/all-pets.de\/shop\/wp-json\/wp\/v2\/comments?post=48214"}],"wp:featuredmedia":[{"embeddable":true,"href":"https:\/\/all-pets.de\/shop\/wp-json\/wp\/v2\/media\/21476"}],"wp:attachment":[{"href":"https:\/\/all-pets.de\/shop\/wp-json\/wp\/v2\/media?parent=48214"}],"wp:term":[{"taxonomy":"product_cat","embeddable":true,"href":"https:\/\/all-pets.de\/shop\/wp-json\/wp\/v2\/product_cat?post=48214"},{"taxonomy":"product_tag","embeddable":true,"href":"https:\/\/all-pets.de\/shop\/wp-json\/wp\/v2\/product_tag?post=48214"}],"curies":[{"name":"wp","href":"https:\/\/api.w.org\/{rel}","templated":true}]}}