{"id":48220,"date":"2023-12-12T10:57:13","date_gmt":"2023-12-12T09:57:13","guid":{"rendered":"https:\/\/pet-shopping.de\/shop\/produkt\/procyon-snacktasche-guerteltasche-easy\/"},"modified":"2023-12-12T10:57:14","modified_gmt":"2023-12-12T09:57:14","slug":"procyon-snacktasche-guerteltasche-easy","status":"publish","type":"product","link":"https:\/\/all-pets.de\/shop\/produkt\/procyon-snacktasche-guerteltasche-easy\/","title":{"rendered":"PROCYON Snacktasche G\u00fcrteltasche Easy"},"content":{"rendered":"<p>Mit der Snacktasche Easy hast du die Belohnungsleckerlies immer sofort griffbereit.<\/p>\n<p>Der Leckerliebeutel besteht aus hygienischem Silikon und ist somit nicht nur einfach zu reinigen, sondern sp\u00fclmaschinenfest und fettabweisend. <\/p>\n<p>Er verf\u00fcgt zudem \u00fcber einen Magnetverschluss, der einen schnellen Zugriff ohne langes \u00d6ffnen und Schlie\u00dfen erm\u00f6glicht, und \u00fcber einen praktischen G\u00fcrtelclip.<\/p>\n<p>Selbstverst\u00e4ndlich l\u00e4sst sich die Tasche nicht nur als Snacktasche, sondern auch als G\u00fcrteltasche f\u00fcr andere kleine Utensilien nutzen. <\/p>\n<p>Farbe: gr\u00fcn<br \/> Ma\u00dfe: ca. 12 x 10,5 x 5,5 cm (BxHxT)<\/p>\n","protected":false},"excerpt":{"rendered":"<p>Mit der Snacktasche Easy hast du die Belohnungsleckerlies immer sofort griffbereit. Der Leckerliebeutel besteht aus hygienischem Silikon und ist somit nicht nur einfach zu reinigen, sondern sp\u00fclmaschinenfest und fettabweisend. Er verf\u00fcgt zudem \u00fcber einen Magnetverschluss, der einen schnellen Zugriff ohne langes \u00d6ffnen und Schlie\u00dfen erm\u00f6glicht, und \u00fcber einen praktischen G\u00fcrtelclip. Selbstverst\u00e4ndlich l\u00e4sst sich die Tasche [&hellip;]<\/p>\n","protected":false},"featured_media":831,"comment_status":"closed","ping_status":"open","template":"","meta":[],"product_cat":[13848],"product_tag":[],"class_list":{"0":"post-48220","1":"product","2":"type-product","3":"status-publish","4":"has-post-thumbnail","6":"product_cat-gurt-futtertaschen","8":"first","9":"instock","10":"taxable","11":"shipping-taxable","12":"purchasable","13":"product-type-simple"},"_links":{"self":[{"href":"https:\/\/all-pets.de\/shop\/wp-json\/wp\/v2\/product\/48220","targetHints":{"allow":["GET"]}}],"collection":[{"href":"https:\/\/all-pets.de\/shop\/wp-json\/wp\/v2\/product"}],"about":[{"href":"https:\/\/all-pets.de\/shop\/wp-json\/wp\/v2\/types\/product"}],"replies":[{"embeddable":true,"href":"https:\/\/all-pets.de\/shop\/wp-json\/wp\/v2\/comments?post=48220"}],"wp:featuredmedia":[{"embeddable":true,"href":"https:\/\/all-pets.de\/shop\/wp-json\/wp\/v2\/media\/831"}],"wp:attachment":[{"href":"https:\/\/all-pets.de\/shop\/wp-json\/wp\/v2\/media?parent=48220"}],"wp:term":[{"taxonomy":"product_cat","embeddable":true,"href":"https:\/\/all-pets.de\/shop\/wp-json\/wp\/v2\/product_cat?post=48220"},{"taxonomy":"product_tag","embeddable":true,"href":"https:\/\/all-pets.de\/shop\/wp-json\/wp\/v2\/product_tag?post=48220"}],"curies":[{"name":"wp","href":"https:\/\/api.w.org\/{rel}","templated":true}]}}