{"id":48231,"date":"2023-12-12T10:57:13","date_gmt":"2023-12-12T09:57:13","guid":{"rendered":"https:\/\/pet-shopping.de\/shop\/produkt\/trixie-kuschelhoehle-livia-taupe-45-x-33-cm\/"},"modified":"2023-12-12T10:57:15","modified_gmt":"2023-12-12T09:57:15","slug":"trixie-kuschelhoehle-livia-taupe-45-x-33-cm","status":"publish","type":"product","link":"https:\/\/all-pets.de\/shop\/produkt\/trixie-kuschelhoehle-livia-taupe-45-x-33-cm\/","title":{"rendered":"Trixie Kuschelh\u00f6hle Livia &#8211; taupe, 45 x 33 cm"},"content":{"rendered":"<ul>\n<li> Samt-Optik\/Pl\u00fcsch <\/li>\n<li> Polyester-Bezug mit Polyestervlies-F\u00fcllung, gesteppt <\/li>\n<li> Schaumstoff-F\u00fcllung <\/li>\n<li> Wendekissen mit zwei Design-Varianten und\u00a0Polyestervlies-F\u00fcllung <\/li>\n<li> rutschfester Boden <\/li>\n<li>Ma\u00dfe: ca. 45 x 33 cm (Durchmesser x H\u00f6he)<\/li>\n<li>Farbe: taupe\/creme<\/li>\n<\/ul>\n","protected":false},"excerpt":{"rendered":"<p>Samt-Optik\/Pl\u00fcsch Polyester-Bezug mit Polyestervlies-F\u00fcllung, gesteppt Schaumstoff-F\u00fcllung Wendekissen mit zwei Design-Varianten und\u00a0Polyestervlies-F\u00fcllung rutschfester Boden Ma\u00dfe: ca. 45 x 33 cm (Durchmesser x H\u00f6he) Farbe: taupe\/creme<\/p>\n","protected":false},"featured_media":36017,"comment_status":"closed","ping_status":"open","template":"","meta":[],"product_cat":[15035],"product_tag":[],"class_list":{"0":"post-48231","1":"product","2":"type-product","3":"status-publish","4":"has-post-thumbnail","6":"product_cat-haeuser-hoehlen-katzenbetten-katzenkoerbe-liegehoehlenkatzenwelt","8":"first","9":"instock","10":"taxable","11":"shipping-taxable","12":"purchasable","13":"product-type-simple"},"_links":{"self":[{"href":"https:\/\/all-pets.de\/shop\/wp-json\/wp\/v2\/product\/48231","targetHints":{"allow":["GET"]}}],"collection":[{"href":"https:\/\/all-pets.de\/shop\/wp-json\/wp\/v2\/product"}],"about":[{"href":"https:\/\/all-pets.de\/shop\/wp-json\/wp\/v2\/types\/product"}],"replies":[{"embeddable":true,"href":"https:\/\/all-pets.de\/shop\/wp-json\/wp\/v2\/comments?post=48231"}],"wp:featuredmedia":[{"embeddable":true,"href":"https:\/\/all-pets.de\/shop\/wp-json\/wp\/v2\/media\/36017"}],"wp:attachment":[{"href":"https:\/\/all-pets.de\/shop\/wp-json\/wp\/v2\/media?parent=48231"}],"wp:term":[{"taxonomy":"product_cat","embeddable":true,"href":"https:\/\/all-pets.de\/shop\/wp-json\/wp\/v2\/product_cat?post=48231"},{"taxonomy":"product_tag","embeddable":true,"href":"https:\/\/all-pets.de\/shop\/wp-json\/wp\/v2\/product_tag?post=48231"}],"curies":[{"name":"wp","href":"https:\/\/api.w.org\/{rel}","templated":true}]}}