{"id":48238,"date":"2023-12-12T10:57:13","date_gmt":"2023-12-12T09:57:13","guid":{"rendered":"https:\/\/pet-shopping.de\/shop\/produkt\/savic-katzentoilette-nestor-weiss-schwarz\/"},"modified":"2023-12-12T10:57:16","modified_gmt":"2023-12-12T09:57:16","slug":"savic-katzentoilette-nestor-weiss-schwarz","status":"publish","type":"product","link":"https:\/\/all-pets.de\/shop\/produkt\/savic-katzentoilette-nestor-weiss-schwarz\/","title":{"rendered":"Savic Katzentoilette Nestor &#8211; wei\u00df\/schwarz"},"content":{"rendered":"<p>Nestor ist eine modern designte Katzentoilette, welche durch die aufklappbare Front einfach zu reinigen ist.<\/p>\n<p>Die Katzentoilette Nestor soll das s\u00e4ubern schneller und einfachermachen, indem das verunreinigte Katzenstreu durch die aufklappbare Front entfernt werden kann &#8211; ganz ohne den Deckel zu entfernen! DieBodenwanne ist an der R\u00fcckseite erh\u00f6ht um lecks vorzubeugen. Inklusiveeingebautem Griff, Kunststoff-Schwingt\u00fcre und Carbon Filter.<\/p>\n<p>Ma\u00dfe (BxTxH): ca. 39 x 56 x 38,5 cm<\/p>\n","protected":false},"excerpt":{"rendered":"<p>Nestor ist eine modern designte Katzentoilette, welche durch die aufklappbare Front einfach zu reinigen ist. Die Katzentoilette Nestor soll das s\u00e4ubern schneller und einfachermachen, indem das verunreinigte Katzenstreu durch die aufklappbare Front entfernt werden kann &#8211; ganz ohne den Deckel zu entfernen! DieBodenwanne ist an der R\u00fcckseite erh\u00f6ht um lecks vorzubeugen. Inklusiveeingebautem Griff, Kunststoff-Schwingt\u00fcre und [&hellip;]<\/p>\n","protected":false},"featured_media":48239,"comment_status":"closed","ping_status":"open","template":"","meta":[],"product_cat":[13941],"product_tag":[],"class_list":{"0":"post-48238","1":"product","2":"type-product","3":"status-publish","4":"has-post-thumbnail","6":"product_cat-katzentoiletten","8":"first","9":"instock","10":"taxable","11":"shipping-taxable","12":"purchasable","13":"product-type-simple"},"_links":{"self":[{"href":"https:\/\/all-pets.de\/shop\/wp-json\/wp\/v2\/product\/48238","targetHints":{"allow":["GET"]}}],"collection":[{"href":"https:\/\/all-pets.de\/shop\/wp-json\/wp\/v2\/product"}],"about":[{"href":"https:\/\/all-pets.de\/shop\/wp-json\/wp\/v2\/types\/product"}],"replies":[{"embeddable":true,"href":"https:\/\/all-pets.de\/shop\/wp-json\/wp\/v2\/comments?post=48238"}],"wp:featuredmedia":[{"embeddable":true,"href":"https:\/\/all-pets.de\/shop\/wp-json\/wp\/v2\/media\/48239"}],"wp:attachment":[{"href":"https:\/\/all-pets.de\/shop\/wp-json\/wp\/v2\/media?parent=48238"}],"wp:term":[{"taxonomy":"product_cat","embeddable":true,"href":"https:\/\/all-pets.de\/shop\/wp-json\/wp\/v2\/product_cat?post=48238"},{"taxonomy":"product_tag","embeddable":true,"href":"https:\/\/all-pets.de\/shop\/wp-json\/wp\/v2\/product_tag?post=48238"}],"curies":[{"name":"wp","href":"https:\/\/api.w.org\/{rel}","templated":true}]}}