{"id":48245,"date":"2023-12-12T10:57:19","date_gmt":"2023-12-12T09:57:19","guid":{"rendered":"https:\/\/pet-shopping.de\/shop\/produkt\/procyon-tpr-boomerang\/"},"modified":"2023-12-12T10:57:19","modified_gmt":"2023-12-12T09:57:19","slug":"procyon-tpr-boomerang","status":"publish","type":"product","link":"https:\/\/all-pets.de\/shop\/produkt\/procyon-tpr-boomerang\/","title":{"rendered":"PROCYON TPR Boomerang"},"content":{"rendered":"<p>Der Boomerang aus TPR (thermo plastic rubber) ist extrem bei\u00dffest und robust.<\/p>\n<p>Dank des weichen Materials wird das Verletzungsrisiko minimiert, ohne dass dabei die guten Flugeigenschaften eingeb\u00fc\u00dft werden.<\/p>\n<p>Gr\u00f6\u00dfe: ca. 28 cm<br \/> Farbe: Gr\u00fcn<\/p>\n","protected":false},"excerpt":{"rendered":"<p>Der Boomerang aus TPR (thermo plastic rubber) ist extrem bei\u00dffest und robust. Dank des weichen Materials wird das Verletzungsrisiko minimiert, ohne dass dabei die guten Flugeigenschaften eingeb\u00fc\u00dft werden. Gr\u00f6\u00dfe: ca. 28 cm Farbe: Gr\u00fcn<\/p>\n","protected":false},"featured_media":1748,"comment_status":"closed","ping_status":"open","template":"","meta":[],"product_cat":[13680],"product_tag":[],"class_list":{"0":"post-48245","1":"product","2":"type-product","3":"status-publish","4":"has-post-thumbnail","6":"product_cat-hundewurfspielzeug","8":"first","9":"instock","10":"taxable","11":"shipping-taxable","12":"purchasable","13":"product-type-simple"},"_links":{"self":[{"href":"https:\/\/all-pets.de\/shop\/wp-json\/wp\/v2\/product\/48245","targetHints":{"allow":["GET"]}}],"collection":[{"href":"https:\/\/all-pets.de\/shop\/wp-json\/wp\/v2\/product"}],"about":[{"href":"https:\/\/all-pets.de\/shop\/wp-json\/wp\/v2\/types\/product"}],"replies":[{"embeddable":true,"href":"https:\/\/all-pets.de\/shop\/wp-json\/wp\/v2\/comments?post=48245"}],"wp:featuredmedia":[{"embeddable":true,"href":"https:\/\/all-pets.de\/shop\/wp-json\/wp\/v2\/media\/1748"}],"wp:attachment":[{"href":"https:\/\/all-pets.de\/shop\/wp-json\/wp\/v2\/media?parent=48245"}],"wp:term":[{"taxonomy":"product_cat","embeddable":true,"href":"https:\/\/all-pets.de\/shop\/wp-json\/wp\/v2\/product_cat?post=48245"},{"taxonomy":"product_tag","embeddable":true,"href":"https:\/\/all-pets.de\/shop\/wp-json\/wp\/v2\/product_tag?post=48245"}],"curies":[{"name":"wp","href":"https:\/\/api.w.org\/{rel}","templated":true}]}}