{"id":48253,"date":"2023-12-12T10:57:19","date_gmt":"2023-12-12T09:57:19","guid":{"rendered":"https:\/\/pet-shopping.de\/shop\/produkt\/karlie-flamingo-brain-train-knochen-aus-kunststoff\/"},"modified":"2023-12-12T10:57:20","modified_gmt":"2023-12-12T09:57:20","slug":"karlie-flamingo-brain-train-knochen-aus-kunststoff","status":"publish","type":"product","link":"https:\/\/all-pets.de\/shop\/produkt\/karlie-flamingo-brain-train-knochen-aus-kunststoff\/","title":{"rendered":"Karlie Flamingo Brain Train Knochen aus Kunststoff"},"content":{"rendered":"<p>Das interaktive Hunde- und Katzenspielzeug wird mit Snacks gef\u00fcllt. Anschlie\u00dfend kann sich das Haustier auf die Suche nach den Leckerchen machen. Das sorgt f\u00fcr eine geistige Auslastung und sinnvolle Besch\u00e4ftigung. <\/p>\n<p>Die Spielzeuge aus Kunststoff sind einfach und hygienisch zu reinigen, da sie bei Bedarf in die Sp\u00fclmaschine gegeben werden k\u00f6nnen. Eine Antirutsch-Ausstattung in Form von Saugn\u00e4pfen hilft gegen das Verrutschen des Spielzeugs.<\/p>\n<p>Gr\u00f6\u00dfe: ca. 24 cm <\/p>\n","protected":false},"excerpt":{"rendered":"<p>Das interaktive Hunde- und Katzenspielzeug wird mit Snacks gef\u00fcllt. Anschlie\u00dfend kann sich das Haustier auf die Suche nach den Leckerchen machen. Das sorgt f\u00fcr eine geistige Auslastung und sinnvolle Besch\u00e4ftigung. Die Spielzeuge aus Kunststoff sind einfach und hygienisch zu reinigen, da sie bei Bedarf in die Sp\u00fclmaschine gegeben werden k\u00f6nnen. Eine Antirutsch-Ausstattung in Form von [&hellip;]<\/p>\n","protected":false},"featured_media":1221,"comment_status":"closed","ping_status":"open","template":"","meta":[],"product_cat":[13832],"product_tag":[],"class_list":{"0":"post-48253","1":"product","2":"type-product","3":"status-publish","4":"has-post-thumbnail","6":"product_cat-intelligenz-hundespielzeug-sport-intelligenz-spielzeughundewelt","8":"first","9":"instock","10":"taxable","11":"shipping-taxable","12":"purchasable","13":"product-type-simple"},"_links":{"self":[{"href":"https:\/\/all-pets.de\/shop\/wp-json\/wp\/v2\/product\/48253","targetHints":{"allow":["GET"]}}],"collection":[{"href":"https:\/\/all-pets.de\/shop\/wp-json\/wp\/v2\/product"}],"about":[{"href":"https:\/\/all-pets.de\/shop\/wp-json\/wp\/v2\/types\/product"}],"replies":[{"embeddable":true,"href":"https:\/\/all-pets.de\/shop\/wp-json\/wp\/v2\/comments?post=48253"}],"wp:featuredmedia":[{"embeddable":true,"href":"https:\/\/all-pets.de\/shop\/wp-json\/wp\/v2\/media\/1221"}],"wp:attachment":[{"href":"https:\/\/all-pets.de\/shop\/wp-json\/wp\/v2\/media?parent=48253"}],"wp:term":[{"taxonomy":"product_cat","embeddable":true,"href":"https:\/\/all-pets.de\/shop\/wp-json\/wp\/v2\/product_cat?post=48253"},{"taxonomy":"product_tag","embeddable":true,"href":"https:\/\/all-pets.de\/shop\/wp-json\/wp\/v2\/product_tag?post=48253"}],"curies":[{"name":"wp","href":"https:\/\/api.w.org\/{rel}","templated":true}]}}