{"id":48254,"date":"2023-12-12T10:57:19","date_gmt":"2023-12-12T09:57:19","guid":{"rendered":"https:\/\/pet-shopping.de\/shop\/produkt\/procyon-trinkflasche-leaf\/"},"modified":"2023-12-12T10:57:20","modified_gmt":"2023-12-12T09:57:20","slug":"procyon-trinkflasche-leaf","status":"publish","type":"product","link":"https:\/\/all-pets.de\/shop\/produkt\/procyon-trinkflasche-leaf\/","title":{"rendered":"PROCYON Trinkflasche Leaf"},"content":{"rendered":"<p>Die Trinkflasche Leaf ist der ideale Begleiter f\u00fcr lange Ausfl\u00fcge oder auf Reisen. <\/p>\n<p>Das gr\u00fcne Blatt aus Silikon kann einfach umgest\u00fclpt werden und schon k\u00f6nnen Sie das Wasser aus der Flasche in das Blatt hineinlaufen lassen, welches dann als Napf dient. <\/p>\n<p>Gr\u00f6\u00dfe: ca. 21,5 cm<br \/> Inhalt: ca. 600 ml<\/p>\n","protected":false},"excerpt":{"rendered":"<p>Die Trinkflasche Leaf ist der ideale Begleiter f\u00fcr lange Ausfl\u00fcge oder auf Reisen. Das gr\u00fcne Blatt aus Silikon kann einfach umgest\u00fclpt werden und schon k\u00f6nnen Sie das Wasser aus der Flasche in das Blatt hineinlaufen lassen, welches dann als Napf dient. Gr\u00f6\u00dfe: ca. 21,5 cm Inhalt: ca. 600 ml<\/p>\n","protected":false},"featured_media":35179,"comment_status":"closed","ping_status":"open","template":"","meta":[],"product_cat":[15040],"product_tag":[],"class_list":{"0":"post-48254","1":"product","2":"type-product","3":"status-publish","4":"has-post-thumbnail","6":"product_cat-reisenaepfe-hundenaepfe-traenken-reisenaepfe-fuer-hundehundewelt-reise-transport-reisenaepfehundewelt-unterwegs","8":"first","9":"instock","10":"taxable","11":"shipping-taxable","12":"purchasable","13":"product-type-simple"},"_links":{"self":[{"href":"https:\/\/all-pets.de\/shop\/wp-json\/wp\/v2\/product\/48254","targetHints":{"allow":["GET"]}}],"collection":[{"href":"https:\/\/all-pets.de\/shop\/wp-json\/wp\/v2\/product"}],"about":[{"href":"https:\/\/all-pets.de\/shop\/wp-json\/wp\/v2\/types\/product"}],"replies":[{"embeddable":true,"href":"https:\/\/all-pets.de\/shop\/wp-json\/wp\/v2\/comments?post=48254"}],"wp:featuredmedia":[{"embeddable":true,"href":"https:\/\/all-pets.de\/shop\/wp-json\/wp\/v2\/media\/35179"}],"wp:attachment":[{"href":"https:\/\/all-pets.de\/shop\/wp-json\/wp\/v2\/media?parent=48254"}],"wp:term":[{"taxonomy":"product_cat","embeddable":true,"href":"https:\/\/all-pets.de\/shop\/wp-json\/wp\/v2\/product_cat?post=48254"},{"taxonomy":"product_tag","embeddable":true,"href":"https:\/\/all-pets.de\/shop\/wp-json\/wp\/v2\/product_tag?post=48254"}],"curies":[{"name":"wp","href":"https:\/\/api.w.org\/{rel}","templated":true}]}}