{"id":48255,"date":"2023-12-12T10:57:19","date_gmt":"2023-12-12T09:57:19","guid":{"rendered":"https:\/\/pet-shopping.de\/shop\/produkt\/catit-blumentrinkbrunnen-3-l-blau-mit-led\/"},"modified":"2023-12-12T10:57:20","modified_gmt":"2023-12-12T09:57:20","slug":"catit-blumentrinkbrunnen-3-l-blau-mit-led","status":"publish","type":"product","link":"https:\/\/all-pets.de\/shop\/produkt\/catit-blumentrinkbrunnen-3-l-blau-mit-led\/","title":{"rendered":"CATIT Blumentrinkbrunnen &#8211; 3 L, blau, mit LED"},"content":{"rendered":"<p>Der Blumentrinkbrunnen arbeitet mit flie\u00dfendem Wasser, um Ihr Heimtier dazu zu ermuntern, mehr zu trinken. <\/p>\n<p> F\u00fcr die Gesundheit Ihrer Katze ist es wichtig, regelm\u00e4\u00dfig zu trinken, da dies zu einer einwandfreien Nierenfunktion beitr\u00e4gt und das Risiko von Kristallbildungen verhindert, die zu Harnwegserkrankungen f\u00fchren k\u00f6nnen.<\/p>\n<ul>\n<li>3 Wasserfluss-Einstellungen: sanfter Fluss, sprudelndes Wasser, ruhiger Fluss<\/li>\n<li>Die Oberseite in Form eines Bl\u00fctenblatts verf\u00fcgt \u00fcber sechs Wasserreservoirs, aus denen Ihre Katze trinken kann, wenn der Brunnen ausgeschaltet ist<\/li>\n<li>Mit praktischem Anzeigefenster mit LED-Nachtlicht, durch das man den Wasserstand beobachten kann. Die praktische Wasserstandsanzeige ist sanft erleuchtet, um Ihre Katze in der Dunkelheit zu leiten. <\/li>\n<li>Erm\u00f6glicht 3 verschiedene Wasserfluss-Einstellungen f\u00fcr w\u00e4hlerische Trinker<\/li>\n<li>Wenn Ihre Katzen lieber von langen Wasserstr\u00f6men trinken, drehen Sie den Blumenaufsatz einfach ein wenig und heben ihn an, um die L\u00e4nge der Wasserstr\u00f6me zu ver\u00e4ndern.<\/li>\n<li>Mit dreifach wirksamem Filter, damit das Wasser zu jeder Zeit sauber ist<\/li>\n<li>BPA-frei (alle Komponenten mit Ausnahme des Adapters)<\/li>\n<\/ul>\n<p><span style=\"font-size: large\">Jederzeit sauberes Wasser:<br \/> Im Gegensatz zu Schalen bef\u00f6rdert der Blumentrinkbrunnen von Catit nur gefiltertes, flie\u00dfendes Wasser an die Oberfl\u00e4che. <\/p>\n<p>Mit dreifach wirksamem Filter:<br \/> 1. Das Wattegewebe filtert Schmutzpartikel aus dem Wasser<br \/> 2. Die Aktivkohle entfernt Ger\u00fcche und Verunreinigungen<br \/> 3. Das Ionenaustauschharz macht Leitungswasser weicher<\/p>\n<p>Nur f\u00fcr den Gebrauch mit den dreifach wirksamen Catit Filtern geeignet. Andere Filter sind weniger effizient und k\u00f6nnen den LED-Blumentrinkbrunnen sogar besch\u00e4digen. Sp\u00fclen Sie den Filter gr\u00fcndlich und tauchen Sie ihn vor dem Gebrauch 10 Minuten unter Wasser. <\/p>\n<p>Einfache Reinigung:<br \/> Jede Komponente des Trinkbrunnens ist leicht zug\u00e4nglich und kann mit Wasser und Neutralseife abgewaschen werden. Sp\u00fclen Sie die Teile nach der Reinigung gr\u00fcndlich ab.<\/p>\n<p>Kompaktes und ergonomisches Design:<br \/> Das kompakte 3-Liter-Wasserreservoir des Catit Blumentrinkbrunnens ben\u00f6tigt nur eine geringe Stellfl\u00e4che. Der Trinkbrunnen versorgt Ihre Katze im Vergleich zu anderen Trinkbrunnen mit mehr sauberem Wasser. Die verwendeten Kunststoffe sind BPA-frei.<\/p>\n<p>Durchmesser: ca. 18 cm<\/span><\/p>\n","protected":false},"excerpt":{"rendered":"<p>Der Blumentrinkbrunnen arbeitet mit flie\u00dfendem Wasser, um Ihr Heimtier dazu zu ermuntern, mehr zu trinken. F\u00fcr die Gesundheit Ihrer Katze ist es wichtig, regelm\u00e4\u00dfig zu trinken, da dies zu einer einwandfreien Nierenfunktion beitr\u00e4gt und das Risiko von Kristallbildungen verhindert, die zu Harnwegserkrankungen f\u00fchren k\u00f6nnen. 3 Wasserfluss-Einstellungen: sanfter Fluss, sprudelndes Wasser, ruhiger Fluss Die Oberseite in [&hellip;]<\/p>\n","protected":false},"featured_media":25297,"comment_status":"closed","ping_status":"open","template":"","meta":[],"product_cat":[13880],"product_tag":[],"class_list":{"0":"post-48255","1":"product","2":"type-product","3":"status-publish","4":"has-post-thumbnail","6":"product_cat-katzentraenken-trinkbrunnen-katzennaepfe-traenken","8":"first","9":"instock","10":"taxable","11":"shipping-taxable","12":"purchasable","13":"product-type-simple"},"_links":{"self":[{"href":"https:\/\/all-pets.de\/shop\/wp-json\/wp\/v2\/product\/48255","targetHints":{"allow":["GET"]}}],"collection":[{"href":"https:\/\/all-pets.de\/shop\/wp-json\/wp\/v2\/product"}],"about":[{"href":"https:\/\/all-pets.de\/shop\/wp-json\/wp\/v2\/types\/product"}],"replies":[{"embeddable":true,"href":"https:\/\/all-pets.de\/shop\/wp-json\/wp\/v2\/comments?post=48255"}],"wp:featuredmedia":[{"embeddable":true,"href":"https:\/\/all-pets.de\/shop\/wp-json\/wp\/v2\/media\/25297"}],"wp:attachment":[{"href":"https:\/\/all-pets.de\/shop\/wp-json\/wp\/v2\/media?parent=48255"}],"wp:term":[{"taxonomy":"product_cat","embeddable":true,"href":"https:\/\/all-pets.de\/shop\/wp-json\/wp\/v2\/product_cat?post=48255"},{"taxonomy":"product_tag","embeddable":true,"href":"https:\/\/all-pets.de\/shop\/wp-json\/wp\/v2\/product_tag?post=48255"}],"curies":[{"name":"wp","href":"https:\/\/api.w.org\/{rel}","templated":true}]}}