{"id":48257,"date":"2023-12-12T10:57:19","date_gmt":"2023-12-12T09:57:19","guid":{"rendered":"https:\/\/pet-shopping.de\/shop\/produkt\/procyon-multifunktions-futterschaufel\/"},"modified":"2023-12-12T10:57:20","modified_gmt":"2023-12-12T09:57:20","slug":"procyon-multifunktions-futterschaufel","status":"publish","type":"product","link":"https:\/\/all-pets.de\/shop\/produkt\/procyon-multifunktions-futterschaufel\/","title":{"rendered":"PROCYON Multifunktions Futterschaufel"},"content":{"rendered":"<p>Die Multifunktions Futterschaufel ist der perfekte Begleiter unterwegs und auf Reisen. <\/p>\n<p>Es handelt sich um eine zusammenfaltbare Futterschaufel, bei der das Futterreservoire aus hygienischem Silikon besteht. Der ergonomisch geformte Griff l\u00e4sst sich vom Futterreservoire abnehmen und kann als praktische Verschlussklammer z.B. f\u00fcr den Futtersack verwendet werden.<\/p>\n<p>Die Futterschaufel l\u00e4sst sich einfach reinigen und passt in jede Tasche.<\/p>\n<p>Farbe: grau\/gr\u00fcn<br \/> Ma\u00dfe: ca. 24 x 9,5 cm<br \/> Reservoire-Volumen: ca. 200 ml<\/p>\n","protected":false},"excerpt":{"rendered":"<p>Die Multifunktions Futterschaufel ist der perfekte Begleiter unterwegs und auf Reisen. Es handelt sich um eine zusammenfaltbare Futterschaufel, bei der das Futterreservoire aus hygienischem Silikon besteht. Der ergonomisch geformte Griff l\u00e4sst sich vom Futterreservoire abnehmen und kann als praktische Verschlussklammer z.B. f\u00fcr den Futtersack verwendet werden. Die Futterschaufel l\u00e4sst sich einfach reinigen und passt in [&hellip;]<\/p>\n","protected":false},"featured_media":22982,"comment_status":"closed","ping_status":"open","template":"","meta":[],"product_cat":[15047],"product_tag":[],"class_list":{"0":"post-48257","1":"product","2":"type-product","3":"status-publish","4":"has-post-thumbnail","6":"product_cat-reisenaepfe-fuer-hunde-reise-transport-reisenaepfe-hundewelt-hundenaepfe-traenken-reisenaepfehundewelt-unterwegs-futter-und-snackdosenhundewelt-hundenaepfe-traenken-nuetzliche-helferhundewelt","8":"first","9":"instock","10":"taxable","11":"shipping-taxable","12":"purchasable","13":"product-type-simple"},"_links":{"self":[{"href":"https:\/\/all-pets.de\/shop\/wp-json\/wp\/v2\/product\/48257","targetHints":{"allow":["GET"]}}],"collection":[{"href":"https:\/\/all-pets.de\/shop\/wp-json\/wp\/v2\/product"}],"about":[{"href":"https:\/\/all-pets.de\/shop\/wp-json\/wp\/v2\/types\/product"}],"replies":[{"embeddable":true,"href":"https:\/\/all-pets.de\/shop\/wp-json\/wp\/v2\/comments?post=48257"}],"wp:featuredmedia":[{"embeddable":true,"href":"https:\/\/all-pets.de\/shop\/wp-json\/wp\/v2\/media\/22982"}],"wp:attachment":[{"href":"https:\/\/all-pets.de\/shop\/wp-json\/wp\/v2\/media?parent=48257"}],"wp:term":[{"taxonomy":"product_cat","embeddable":true,"href":"https:\/\/all-pets.de\/shop\/wp-json\/wp\/v2\/product_cat?post=48257"},{"taxonomy":"product_tag","embeddable":true,"href":"https:\/\/all-pets.de\/shop\/wp-json\/wp\/v2\/product_tag?post=48257"}],"curies":[{"name":"wp","href":"https:\/\/api.w.org\/{rel}","templated":true}]}}