{"id":48259,"date":"2023-12-12T10:57:19","date_gmt":"2023-12-12T09:57:19","guid":{"rendered":"https:\/\/pet-shopping.de\/shop\/produkt\/procyon-waschhandschuh\/"},"modified":"2023-12-12T10:57:21","modified_gmt":"2023-12-12T09:57:21","slug":"procyon-waschhandschuh","status":"publish","type":"product","link":"https:\/\/all-pets.de\/shop\/produkt\/procyon-waschhandschuh\/","title":{"rendered":"PROCYON Waschhandschuh"},"content":{"rendered":"<p>Mit dem Waschhandschuh l\u00e4sst sich Shampoo perfekt im Hundefell verteilen. Durch die Silikonnoppen wird es dabei nicht nur oberfl\u00e4chlich aufgetragen, sondern m\u00fchelos auch tiefer im Fell verteilt. Zudem wird die Haut des Hundes gleichzeitig massiert und so die Durchblutung gef\u00f6rdert. <\/p>\n<p>Durch Fingerschlaufen und eine per Klettverschluss verstellbare Handschlaufe l\u00e4sst sich der Handschuh perfekt an jede Hand anpassen, damit ein fester Sitz garantiert ist.<\/p>\n<p>Farbe: gr\u00fcn-schwarz<br \/> Ma\u00dfe: ca. 14 x 11,3 cm<\/p>\n","protected":false},"excerpt":{"rendered":"<p>Mit dem Waschhandschuh l\u00e4sst sich Shampoo perfekt im Hundefell verteilen. Durch die Silikonnoppen wird es dabei nicht nur oberfl\u00e4chlich aufgetragen, sondern m\u00fchelos auch tiefer im Fell verteilt. Zudem wird die Haut des Hundes gleichzeitig massiert und so die Durchblutung gef\u00f6rdert. Durch Fingerschlaufen und eine per Klettverschluss verstellbare Handschlaufe l\u00e4sst sich der Handschuh perfekt an jede [&hellip;]<\/p>\n","protected":false},"featured_media":20159,"comment_status":"closed","ping_status":"open","template":"","meta":[],"product_cat":[15049],"product_tag":[],"class_list":{"0":"post-48259","1":"product","2":"type-product","3":"status-publish","4":"has-post-thumbnail","6":"product_cat-hundebuersten-striegel-fellpflege-pflege-gesundheit-reinigen-trocknenhundewelt-fellpflege-pflege-gesundheit-hundewelt","8":"first","9":"instock","10":"taxable","11":"shipping-taxable","12":"purchasable","13":"product-type-simple"},"_links":{"self":[{"href":"https:\/\/all-pets.de\/shop\/wp-json\/wp\/v2\/product\/48259","targetHints":{"allow":["GET"]}}],"collection":[{"href":"https:\/\/all-pets.de\/shop\/wp-json\/wp\/v2\/product"}],"about":[{"href":"https:\/\/all-pets.de\/shop\/wp-json\/wp\/v2\/types\/product"}],"replies":[{"embeddable":true,"href":"https:\/\/all-pets.de\/shop\/wp-json\/wp\/v2\/comments?post=48259"}],"wp:featuredmedia":[{"embeddable":true,"href":"https:\/\/all-pets.de\/shop\/wp-json\/wp\/v2\/media\/20159"}],"wp:attachment":[{"href":"https:\/\/all-pets.de\/shop\/wp-json\/wp\/v2\/media?parent=48259"}],"wp:term":[{"taxonomy":"product_cat","embeddable":true,"href":"https:\/\/all-pets.de\/shop\/wp-json\/wp\/v2\/product_cat?post=48259"},{"taxonomy":"product_tag","embeddable":true,"href":"https:\/\/all-pets.de\/shop\/wp-json\/wp\/v2\/product_tag?post=48259"}],"curies":[{"name":"wp","href":"https:\/\/api.w.org\/{rel}","templated":true}]}}