{"id":48262,"date":"2023-12-12T10:57:19","date_gmt":"2023-12-12T09:57:19","guid":{"rendered":"https:\/\/pet-shopping.de\/shop\/produkt\/trixie-dog-activity-schnueffeldecke\/"},"modified":"2023-12-12T10:57:21","modified_gmt":"2023-12-12T09:57:21","slug":"trixie-dog-activity-schnueffeldecke","status":"publish","type":"product","link":"https:\/\/all-pets.de\/shop\/produkt\/trixie-dog-activity-schnueffeldecke\/","title":{"rendered":"Trixie Dog Activity Schn\u00fcffeldecke"},"content":{"rendered":"<ul>\n<li> f\u00fcr Hunde und Katzen <\/li>\n<li> mit unterschiedlichen Taschen und F\u00e4chern <\/li>\n<li> kann auch f\u00fcr die t\u00e4gliche Futtergabe genutzt werden <\/li>\n<li> verhindert das Schlingen bei der Futteraufnahme <\/li>\n<li> es k\u00f6nnen auch gr\u00f6\u00dfere Snacks oder kleine Spielzeuge versteckt werden <\/li>\n<li> zur Steigerung des Schwierigkeitsgrades kann die Decke gefaltet und gekn\u00fcllt werden <\/li>\n<li> Polyester <\/li>\n<li> inkl. Anleitung mit Tipps und Tricks f\u00fcr das optimale Training <\/li>\n<li>Schwierigkeitslevel 2<\/li>\n<li>Ma\u00dfe: ca. 70 x 70 cm<\/li>\n<\/ul>\n","protected":false},"excerpt":{"rendered":"<p>f\u00fcr Hunde und Katzen mit unterschiedlichen Taschen und F\u00e4chern kann auch f\u00fcr die t\u00e4gliche Futtergabe genutzt werden verhindert das Schlingen bei der Futteraufnahme es k\u00f6nnen auch gr\u00f6\u00dfere Snacks oder kleine Spielzeuge versteckt werden zur Steigerung des Schwierigkeitsgrades kann die Decke gefaltet und gekn\u00fcllt werden Polyester inkl. Anleitung mit Tipps und Tricks f\u00fcr das optimale Training [&hellip;]<\/p>\n","protected":false},"featured_media":23352,"comment_status":"closed","ping_status":"open","template":"","meta":[],"product_cat":[13793],"product_tag":[],"class_list":{"0":"post-48262","1":"product","2":"type-product","3":"status-publish","4":"has-post-thumbnail","6":"product_cat-intelligenz","8":"first","9":"instock","10":"taxable","11":"shipping-taxable","12":"purchasable","13":"product-type-simple"},"_links":{"self":[{"href":"https:\/\/all-pets.de\/shop\/wp-json\/wp\/v2\/product\/48262","targetHints":{"allow":["GET"]}}],"collection":[{"href":"https:\/\/all-pets.de\/shop\/wp-json\/wp\/v2\/product"}],"about":[{"href":"https:\/\/all-pets.de\/shop\/wp-json\/wp\/v2\/types\/product"}],"replies":[{"embeddable":true,"href":"https:\/\/all-pets.de\/shop\/wp-json\/wp\/v2\/comments?post=48262"}],"wp:featuredmedia":[{"embeddable":true,"href":"https:\/\/all-pets.de\/shop\/wp-json\/wp\/v2\/media\/23352"}],"wp:attachment":[{"href":"https:\/\/all-pets.de\/shop\/wp-json\/wp\/v2\/media?parent=48262"}],"wp:term":[{"taxonomy":"product_cat","embeddable":true,"href":"https:\/\/all-pets.de\/shop\/wp-json\/wp\/v2\/product_cat?post=48262"},{"taxonomy":"product_tag","embeddable":true,"href":"https:\/\/all-pets.de\/shop\/wp-json\/wp\/v2\/product_tag?post=48262"}],"curies":[{"name":"wp","href":"https:\/\/api.w.org\/{rel}","templated":true}]}}