{"id":48266,"date":"2023-12-12T10:57:19","date_gmt":"2023-12-12T09:57:19","guid":{"rendered":"https:\/\/pet-shopping.de\/shop\/produkt\/classic-dog-7-verschiedene-kauknochen-eimer-950g\/"},"modified":"2023-12-12T10:57:22","modified_gmt":"2023-12-12T09:57:22","slug":"classic-dog-7-verschiedene-kauknochen-eimer-950g","status":"publish","type":"product","link":"https:\/\/all-pets.de\/shop\/produkt\/classic-dog-7-verschiedene-kauknochen-eimer-950g\/","title":{"rendered":"Classic Dog 7 verschiedene Kauknochen &#8211; Eimer 950g"},"content":{"rendered":"<p>Verschiedene Kauknochen sind die abwechslungsreiche Mischung ausbeliebten Kauartikeln, praktisch aufbewahrbar im wieder-verschlie\u00dfbarenEimer.<\/p>\n<p>Eine Vielfalt bek\u00f6mmlicher Belohnungssnacks aus nat\u00fcrlichem Trockenfleisch,<br \/>nahrhaft, leicht verdaulich und somit ein idealer Snack f\u00fcr zwischendurch.<\/p>\n<p>Beim Zerkauen werden gleichzeitig die Z\u00e4hne von Bel\u00e4gen befreit, das Zahnfleisch massiert und die Kaumuskeln gekr\u00e4ftigt.<br \/>Die Kau &#8211; Snacks werden in einem speziellen Verfahren schonend getrocknet.<br \/>Aus 100% nat\u00fcrlichem Fleisch ohne k\u00fcnstliche Konservierungsstoffe.<\/p>\n<p>Trockenfleisch bietet eine ideale Alternative zu frischen Fleischteilen vom Metzger.<br \/>Es ist ebenso nahrhaft bei besserer Lagerf\u00e4higkeit und besitzt einen angenehmeren Geruch.<\/p>\n<p>Bitte lagern Sie dieses Produkt immer k\u00fchl und trocken.<\/p>\n<p><strong>Inhaltsstoffe:<\/strong><\/p>\n<p>Inhaltsstoffe:<br \/>Rohprotein: 28,00%<\/p>\n<p>Rohfett: 8,00%<\/p>\n<p>Rohasche: 6,00%<\/p>\n<p>Rohfaser: 4,00%<\/p>\n<p>Feuchtigkeit: 29,00%<\/p>\n<p>Zusammensetzung:<br \/>Getreide, Fleisch, tierische Nebenerzeugnisse, \u00d6le &#038; Fette, pflanzlicheNebenerzeugnisse, pflanzliche Eiwei\u00dfextrakte, Zucker, Mineralstoffe,Milch &#038; Molkereierzeugnisse<br \/>Zusatzstoffe:<br \/>Vitamin D3 (200IE\/kg), Vitamin E (100 mg\/kg). Farb- und Konservierungsstoffe und Antioxidantien (EG-Zusatzstoffe).<\/p>\n<p><strong>F\u00fctterungsempfehlung:<\/strong><\/p>\n<p>Als Belohnungssnack erg\u00e4nzend zur gewohnten Hauptnahrung. Bitte immer ausreichend Wasser zur Verf\u00fcgung stellen.<\/p>\n","protected":false},"excerpt":{"rendered":"<p>Verschiedene Kauknochen sind die abwechslungsreiche Mischung ausbeliebten Kauartikeln, praktisch aufbewahrbar im wieder-verschlie\u00dfbarenEimer. Eine Vielfalt bek\u00f6mmlicher Belohnungssnacks aus nat\u00fcrlichem Trockenfleisch,nahrhaft, leicht verdaulich und somit ein idealer Snack f\u00fcr zwischendurch. Beim Zerkauen werden gleichzeitig die Z\u00e4hne von Bel\u00e4gen befreit, das Zahnfleisch massiert und die Kaumuskeln gekr\u00e4ftigt.Die Kau &#8211; Snacks werden in einem speziellen Verfahren schonend getrocknet.Aus 100% [&hellip;]<\/p>\n","protected":false},"featured_media":2484,"comment_status":"closed","ping_status":"open","template":"","meta":[],"product_cat":[13902],"product_tag":[],"class_list":{"0":"post-48266","1":"product","2":"type-product","3":"status-publish","4":"has-post-thumbnail","6":"product_cat-classic-trockenware","8":"first","9":"instock","10":"taxable","11":"shipping-taxable","12":"purchasable","13":"product-type-simple"},"_links":{"self":[{"href":"https:\/\/all-pets.de\/shop\/wp-json\/wp\/v2\/product\/48266","targetHints":{"allow":["GET"]}}],"collection":[{"href":"https:\/\/all-pets.de\/shop\/wp-json\/wp\/v2\/product"}],"about":[{"href":"https:\/\/all-pets.de\/shop\/wp-json\/wp\/v2\/types\/product"}],"replies":[{"embeddable":true,"href":"https:\/\/all-pets.de\/shop\/wp-json\/wp\/v2\/comments?post=48266"}],"wp:featuredmedia":[{"embeddable":true,"href":"https:\/\/all-pets.de\/shop\/wp-json\/wp\/v2\/media\/2484"}],"wp:attachment":[{"href":"https:\/\/all-pets.de\/shop\/wp-json\/wp\/v2\/media?parent=48266"}],"wp:term":[{"taxonomy":"product_cat","embeddable":true,"href":"https:\/\/all-pets.de\/shop\/wp-json\/wp\/v2\/product_cat?post=48266"},{"taxonomy":"product_tag","embeddable":true,"href":"https:\/\/all-pets.de\/shop\/wp-json\/wp\/v2\/product_tag?post=48266"}],"curies":[{"name":"wp","href":"https:\/\/api.w.org\/{rel}","templated":true}]}}