{"id":48267,"date":"2023-12-12T10:57:24","date_gmt":"2023-12-12T09:57:24","guid":{"rendered":"https:\/\/pet-shopping.de\/shop\/produkt\/trixie-heuraufe-zum-aufstellen\/"},"modified":"2023-12-12T10:57:24","modified_gmt":"2023-12-12T09:57:24","slug":"trixie-heuraufe-zum-aufstellen","status":"publish","type":"product","link":"https:\/\/all-pets.de\/shop\/produkt\/trixie-heuraufe-zum-aufstellen\/","title":{"rendered":"Trixie Heuraufe zum Aufstellen"},"content":{"rendered":"<ul>\n<li> Naturholz, zusammenklappbar <\/li>\n<li> zum Bef\u00fcllen mit Heu, Gr\u00e4sern etc. <\/li>\n<li> f\u00fcr die Gestaltung einer tiergerechten Umwelt <\/li>\n<li>Ma\u00dfe: ca. 15 x 11 x 15 cm (BxHxT) <\/li>\n<\/ul>\n<p class=\"infotext\"> Wir legen viel Wert auf die Gesundheit Ihres Tieres. Aus diesem Grund bestehen unsere Natural Living Artikel aus Nadelh\u00f6lzern ohne Harzkan\u00e4le. Harz ist giftig f\u00fcr Tiere. Die von uns genutzten H\u00f6lzer harzen nicht und werden zudem vor der Weiterverarbeitung ausgiebig getrocknet. Der von uns verwendete Leim ist ebenfalls ungiftig f\u00fcr Tiere und besteht aus einem Kautschuk- bzw. Zellulose-Gemisch. <\/p>\n","protected":false},"excerpt":{"rendered":"<p>Naturholz, zusammenklappbar zum Bef\u00fcllen mit Heu, Gr\u00e4sern etc. f\u00fcr die Gestaltung einer tiergerechten Umwelt Ma\u00dfe: ca. 15 x 11 x 15 cm (BxHxT) Wir legen viel Wert auf die Gesundheit Ihres Tieres. Aus diesem Grund bestehen unsere Natural Living Artikel aus Nadelh\u00f6lzern ohne Harzkan\u00e4le. Harz ist giftig f\u00fcr Tiere. Die von uns genutzten H\u00f6lzer harzen [&hellip;]<\/p>\n","protected":false},"featured_media":21061,"comment_status":"closed","ping_status":"open","template":"","meta":[],"product_cat":[13722],"product_tag":[],"class_list":{"0":"post-48267","1":"product","2":"type-product","3":"status-publish","4":"has-post-thumbnail","6":"product_cat-heuraufen","8":"first","9":"instock","10":"taxable","11":"shipping-taxable","12":"purchasable","13":"product-type-simple"},"_links":{"self":[{"href":"https:\/\/all-pets.de\/shop\/wp-json\/wp\/v2\/product\/48267","targetHints":{"allow":["GET"]}}],"collection":[{"href":"https:\/\/all-pets.de\/shop\/wp-json\/wp\/v2\/product"}],"about":[{"href":"https:\/\/all-pets.de\/shop\/wp-json\/wp\/v2\/types\/product"}],"replies":[{"embeddable":true,"href":"https:\/\/all-pets.de\/shop\/wp-json\/wp\/v2\/comments?post=48267"}],"wp:featuredmedia":[{"embeddable":true,"href":"https:\/\/all-pets.de\/shop\/wp-json\/wp\/v2\/media\/21061"}],"wp:attachment":[{"href":"https:\/\/all-pets.de\/shop\/wp-json\/wp\/v2\/media?parent=48267"}],"wp:term":[{"taxonomy":"product_cat","embeddable":true,"href":"https:\/\/all-pets.de\/shop\/wp-json\/wp\/v2\/product_cat?post=48267"},{"taxonomy":"product_tag","embeddable":true,"href":"https:\/\/all-pets.de\/shop\/wp-json\/wp\/v2\/product_tag?post=48267"}],"curies":[{"name":"wp","href":"https:\/\/api.w.org\/{rel}","templated":true}]}}