{"id":48268,"date":"2023-12-12T10:57:24","date_gmt":"2023-12-12T09:57:24","guid":{"rendered":"https:\/\/pet-shopping.de\/shop\/produkt\/trixie-strategie-spiel-flip-board-fuer-kleintiere\/"},"modified":"2023-12-12T10:57:24","modified_gmt":"2023-12-12T09:57:24","slug":"trixie-strategie-spiel-flip-board-fuer-kleintiere","status":"publish","type":"product","link":"https:\/\/all-pets.de\/shop\/produkt\/trixie-strategie-spiel-flip-board-fuer-kleintiere\/","title":{"rendered":"Trixie Strategie-Spiel Flip Board f\u00fcr Kleintiere"},"content":{"rendered":"<ul>\n<li> durch verschiedene \u00d6ffnungstechniken gelangt das Tier an seine Belohnung <\/li>\n<li> Brettspiel mit 2 Deckeln sowie Vertiefungen mit Klapp- und Schiebedeckeln <\/li>\n<li> artgerechte Besch\u00e4ftigung und geistige Herausforderung <\/li>\n<li> schult die Geschicklichkeit <\/li>\n<li> inkl. Anleitung mit Tipps und Tricks f\u00fcr das optimale Training <\/li>\n<li> rutschfest durch Gummiring <\/li>\n<li> Kunststoff <\/li>\n<li>geeignet z.B. f\u00fcr Kaninchen<\/li>\n<li>Durchmesser: ca. 23 cm <\/li>\n<\/ul>\n","protected":false},"excerpt":{"rendered":"<p>durch verschiedene \u00d6ffnungstechniken gelangt das Tier an seine Belohnung Brettspiel mit 2 Deckeln sowie Vertiefungen mit Klapp- und Schiebedeckeln artgerechte Besch\u00e4ftigung und geistige Herausforderung schult die Geschicklichkeit inkl. Anleitung mit Tipps und Tricks f\u00fcr das optimale Training rutschfest durch Gummiring Kunststoff geeignet z.B. f\u00fcr Kaninchen Durchmesser: ca. 23 cm<\/p>\n","protected":false},"featured_media":15565,"comment_status":"closed","ping_status":"open","template":"","meta":[],"product_cat":[13745],"product_tag":[],"class_list":{"0":"post-48268","1":"product","2":"type-product","3":"status-publish","4":"has-post-thumbnail","6":"product_cat-spiel-sport","8":"first","9":"instock","10":"taxable","11":"shipping-taxable","12":"purchasable","13":"product-type-simple"},"_links":{"self":[{"href":"https:\/\/all-pets.de\/shop\/wp-json\/wp\/v2\/product\/48268","targetHints":{"allow":["GET"]}}],"collection":[{"href":"https:\/\/all-pets.de\/shop\/wp-json\/wp\/v2\/product"}],"about":[{"href":"https:\/\/all-pets.de\/shop\/wp-json\/wp\/v2\/types\/product"}],"replies":[{"embeddable":true,"href":"https:\/\/all-pets.de\/shop\/wp-json\/wp\/v2\/comments?post=48268"}],"wp:featuredmedia":[{"embeddable":true,"href":"https:\/\/all-pets.de\/shop\/wp-json\/wp\/v2\/media\/15565"}],"wp:attachment":[{"href":"https:\/\/all-pets.de\/shop\/wp-json\/wp\/v2\/media?parent=48268"}],"wp:term":[{"taxonomy":"product_cat","embeddable":true,"href":"https:\/\/all-pets.de\/shop\/wp-json\/wp\/v2\/product_cat?post=48268"},{"taxonomy":"product_tag","embeddable":true,"href":"https:\/\/all-pets.de\/shop\/wp-json\/wp\/v2\/product_tag?post=48268"}],"curies":[{"name":"wp","href":"https:\/\/api.w.org\/{rel}","templated":true}]}}