{"id":48269,"date":"2023-12-12T10:57:24","date_gmt":"2023-12-12T09:57:24","guid":{"rendered":"https:\/\/pet-shopping.de\/shop\/produkt\/trixie-snack-snake-aus-tpr-18-cm\/"},"modified":"2023-12-12T10:57:24","modified_gmt":"2023-12-12T09:57:24","slug":"trixie-snack-snake-aus-tpr-18-cm","status":"publish","type":"product","link":"https:\/\/all-pets.de\/shop\/produkt\/trixie-snack-snake-aus-tpr-18-cm\/","title":{"rendered":"Trixie Snack-Snake aus TPR &#8211; 18 cm"},"content":{"rendered":"<ul>\n<li> thermoplastisches Gummi (TPR) <\/li>\n<li> Schlitz optimal auch f\u00fcr z. B. Pasten geeignet <\/li>\n<li> mit Stimme <\/li>\n<li>Gr\u00f6\u00dfe: ca. 18 cm Durchmesser <\/li>\n<\/ul>\n","protected":false},"excerpt":{"rendered":"<p>thermoplastisches Gummi (TPR) Schlitz optimal auch f\u00fcr z. B. Pasten geeignet mit Stimme Gr\u00f6\u00dfe: ca. 18 cm Durchmesser<\/p>\n","protected":false},"featured_media":23934,"comment_status":"closed","ping_status":"open","template":"","meta":[],"product_cat":[15050],"product_tag":[],"class_list":{"0":"post-48269","1":"product","2":"type-product","3":"status-publish","4":"has-post-thumbnail","6":"product_cat-weitere-spielzeuge-hundespielzeug-sport-intelligenzhundewelt-hundespielzeug-sport","8":"first","9":"instock","10":"taxable","11":"shipping-taxable","12":"purchasable","13":"product-type-simple"},"_links":{"self":[{"href":"https:\/\/all-pets.de\/shop\/wp-json\/wp\/v2\/product\/48269","targetHints":{"allow":["GET"]}}],"collection":[{"href":"https:\/\/all-pets.de\/shop\/wp-json\/wp\/v2\/product"}],"about":[{"href":"https:\/\/all-pets.de\/shop\/wp-json\/wp\/v2\/types\/product"}],"replies":[{"embeddable":true,"href":"https:\/\/all-pets.de\/shop\/wp-json\/wp\/v2\/comments?post=48269"}],"wp:featuredmedia":[{"embeddable":true,"href":"https:\/\/all-pets.de\/shop\/wp-json\/wp\/v2\/media\/23934"}],"wp:attachment":[{"href":"https:\/\/all-pets.de\/shop\/wp-json\/wp\/v2\/media?parent=48269"}],"wp:term":[{"taxonomy":"product_cat","embeddable":true,"href":"https:\/\/all-pets.de\/shop\/wp-json\/wp\/v2\/product_cat?post=48269"},{"taxonomy":"product_tag","embeddable":true,"href":"https:\/\/all-pets.de\/shop\/wp-json\/wp\/v2\/product_tag?post=48269"}],"curies":[{"name":"wp","href":"https:\/\/api.w.org\/{rel}","templated":true}]}}