{"id":48270,"date":"2023-12-12T10:57:24","date_gmt":"2023-12-12T09:57:24","guid":{"rendered":"https:\/\/pet-shopping.de\/shop\/produkt\/trixie-be-nordic-kuschelhoehle\/"},"modified":"2023-12-12T10:57:24","modified_gmt":"2023-12-12T09:57:24","slug":"trixie-be-nordic-kuschelhoehle","status":"publish","type":"product","link":"https:\/\/all-pets.de\/shop\/produkt\/trixie-be-nordic-kuschelhoehle\/","title":{"rendered":"Trixie BE NORDIC Kuschelh\u00f6hle"},"content":{"rendered":"<ul>\n<li> Canvas-Optik (Polyester) <\/li>\n<li> formstabil <\/li>\n<li> Kissen mit Pl\u00fcsch-Bezug (Polyester) und Polyestervlies-F\u00fcllung, gesteppt <\/li>\n<li> Kissen: Maschinenw\u00e4sche bis 40 \u00b0C und trocknergeeignet (pflegeleicht) <\/li>\n<\/ul>\n<div>Ma\u00dfe: \u00f8 40 \u00d7 56 cm<br \/> H\u00f6he: 56 cm<br \/> Farbe: blau<\/div>\n","protected":false},"excerpt":{"rendered":"<p>Canvas-Optik (Polyester) formstabil Kissen mit Pl\u00fcsch-Bezug (Polyester) und Polyestervlies-F\u00fcllung, gesteppt Kissen: Maschinenw\u00e4sche bis 40 \u00b0C und trocknergeeignet (pflegeleicht) Ma\u00dfe: \u00f8 40 \u00d7 56 cm H\u00f6he: 56 cm Farbe: blau<\/p>\n","protected":false},"featured_media":15461,"comment_status":"closed","ping_status":"open","template":"","meta":[],"product_cat":[15035],"product_tag":[],"class_list":{"0":"post-48270","1":"product","2":"type-product","3":"status-publish","4":"has-post-thumbnail","6":"product_cat-haeuser-hoehlen-katzenbetten-katzenkoerbe-liegehoehlenkatzenwelt","8":"first","9":"instock","10":"taxable","11":"shipping-taxable","12":"purchasable","13":"product-type-simple"},"_links":{"self":[{"href":"https:\/\/all-pets.de\/shop\/wp-json\/wp\/v2\/product\/48270","targetHints":{"allow":["GET"]}}],"collection":[{"href":"https:\/\/all-pets.de\/shop\/wp-json\/wp\/v2\/product"}],"about":[{"href":"https:\/\/all-pets.de\/shop\/wp-json\/wp\/v2\/types\/product"}],"replies":[{"embeddable":true,"href":"https:\/\/all-pets.de\/shop\/wp-json\/wp\/v2\/comments?post=48270"}],"wp:featuredmedia":[{"embeddable":true,"href":"https:\/\/all-pets.de\/shop\/wp-json\/wp\/v2\/media\/15461"}],"wp:attachment":[{"href":"https:\/\/all-pets.de\/shop\/wp-json\/wp\/v2\/media?parent=48270"}],"wp:term":[{"taxonomy":"product_cat","embeddable":true,"href":"https:\/\/all-pets.de\/shop\/wp-json\/wp\/v2\/product_cat?post=48270"},{"taxonomy":"product_tag","embeddable":true,"href":"https:\/\/all-pets.de\/shop\/wp-json\/wp\/v2\/product_tag?post=48270"}],"curies":[{"name":"wp","href":"https:\/\/api.w.org\/{rel}","templated":true}]}}