{"id":48273,"date":"2023-12-12T10:57:24","date_gmt":"2023-12-12T09:57:24","guid":{"rendered":"https:\/\/pet-shopping.de\/shop\/produkt\/karlie-pluesch-fisch-mit-tpr-ball-36-cm\/"},"modified":"2023-12-12T10:57:24","modified_gmt":"2023-12-12T09:57:24","slug":"karlie-pluesch-fisch-mit-tpr-ball-36-cm","status":"publish","type":"product","link":"https:\/\/all-pets.de\/shop\/produkt\/karlie-pluesch-fisch-mit-tpr-ball-36-cm\/","title":{"rendered":"Karlie Pl\u00fcsch-Fisch mit TPR Ball &#8211; 36 cm"},"content":{"rendered":"<p>Das Pl\u00fcschspielzeug in Form eines Fisches hat als besonderes Extra einen eingearbeiteten TPR-Ball. Die Kombination aus dem weichen Pl\u00fcschk\u00f6rper und dem stacheligen Ball macht das Spielzeug vielzeitig bespielbar und noch interessanter f\u00fcr den Hund.<\/p>\n<p>Ma\u00dfe: ca. 36 x 7 x 20 cm<\/p>\n","protected":false},"excerpt":{"rendered":"<p>Das Pl\u00fcschspielzeug in Form eines Fisches hat als besonderes Extra einen eingearbeiteten TPR-Ball. Die Kombination aus dem weichen Pl\u00fcschk\u00f6rper und dem stacheligen Ball macht das Spielzeug vielzeitig bespielbar und noch interessanter f\u00fcr den Hund. Ma\u00dfe: ca. 36 x 7 x 20 cm<\/p>\n","protected":false},"featured_media":5010,"comment_status":"closed","ping_status":"open","template":"","meta":[],"product_cat":[13828],"product_tag":[],"class_list":{"0":"post-48273","1":"product","2":"type-product","3":"status-publish","4":"has-post-thumbnail","6":"product_cat-plueschspielzeug-hundespielzeug-sport","8":"first","9":"instock","10":"taxable","11":"shipping-taxable","12":"purchasable","13":"product-type-simple"},"_links":{"self":[{"href":"https:\/\/all-pets.de\/shop\/wp-json\/wp\/v2\/product\/48273","targetHints":{"allow":["GET"]}}],"collection":[{"href":"https:\/\/all-pets.de\/shop\/wp-json\/wp\/v2\/product"}],"about":[{"href":"https:\/\/all-pets.de\/shop\/wp-json\/wp\/v2\/types\/product"}],"replies":[{"embeddable":true,"href":"https:\/\/all-pets.de\/shop\/wp-json\/wp\/v2\/comments?post=48273"}],"wp:featuredmedia":[{"embeddable":true,"href":"https:\/\/all-pets.de\/shop\/wp-json\/wp\/v2\/media\/5010"}],"wp:attachment":[{"href":"https:\/\/all-pets.de\/shop\/wp-json\/wp\/v2\/media?parent=48273"}],"wp:term":[{"taxonomy":"product_cat","embeddable":true,"href":"https:\/\/all-pets.de\/shop\/wp-json\/wp\/v2\/product_cat?post=48273"},{"taxonomy":"product_tag","embeddable":true,"href":"https:\/\/all-pets.de\/shop\/wp-json\/wp\/v2\/product_tag?post=48273"}],"curies":[{"name":"wp","href":"https:\/\/api.w.org\/{rel}","templated":true}]}}