{"id":48277,"date":"2023-12-12T10:57:24","date_gmt":"2023-12-12T09:57:24","guid":{"rendered":"https:\/\/pet-shopping.de\/shop\/produkt\/trixie-kuehlplatte-fuer-kleintiere-28-x-20-cm\/"},"modified":"2023-12-12T10:57:25","modified_gmt":"2023-12-12T09:57:25","slug":"trixie-kuehlplatte-fuer-kleintiere-28-x-20-cm","status":"publish","type":"product","link":"https:\/\/all-pets.de\/shop\/produkt\/trixie-kuehlplatte-fuer-kleintiere-28-x-20-cm\/","title":{"rendered":"Trixie K\u00fchlplatte f\u00fcr Kleintiere &#8211; 28 x 20 cm"},"content":{"rendered":"<ul>\n<li>nat\u00fcrliche Abk\u00fchlung durch Platzierung im Schatten<\/li>\n<li>f\u00fcr zus\u00e4tzliche Abk\u00fchlung vor Gebrauch in den K\u00fchlschrank legen<\/li>\n<li>rutschfest durch Gummif\u00fc\u00dfe<\/li>\n<li>zum Reinigen einfach feucht abwischen <\/li>\n<li>Keramik, lackiert<\/li>\n<li>tierschutzkonform nach \u00a7 18 (AT)<\/li>\n<li>Gr\u00f6\u00dfe: ca. 28 x 20 cm<\/li>\n<li>geeignet z.B. f\u00fcr Meerschweinchen <\/li>\n<\/ul>\n","protected":false},"excerpt":{"rendered":"<p>nat\u00fcrliche Abk\u00fchlung durch Platzierung im Schatten f\u00fcr zus\u00e4tzliche Abk\u00fchlung vor Gebrauch in den K\u00fchlschrank legen rutschfest durch Gummif\u00fc\u00dfe zum Reinigen einfach feucht abwischen Keramik, lackiert tierschutzkonform nach \u00a7 18 (AT) Gr\u00f6\u00dfe: ca. 28 x 20 cm geeignet z.B. f\u00fcr Meerschweinchen<\/p>\n","protected":false},"featured_media":16475,"comment_status":"closed","ping_status":"open","template":"","meta":[],"product_cat":[13841],"product_tag":[],"class_list":{"0":"post-48277","1":"product","2":"type-product","3":"status-publish","4":"has-post-thumbnail","6":"product_cat-betten-haengematten","8":"first","9":"instock","10":"taxable","11":"shipping-taxable","12":"purchasable","13":"product-type-simple"},"_links":{"self":[{"href":"https:\/\/all-pets.de\/shop\/wp-json\/wp\/v2\/product\/48277","targetHints":{"allow":["GET"]}}],"collection":[{"href":"https:\/\/all-pets.de\/shop\/wp-json\/wp\/v2\/product"}],"about":[{"href":"https:\/\/all-pets.de\/shop\/wp-json\/wp\/v2\/types\/product"}],"replies":[{"embeddable":true,"href":"https:\/\/all-pets.de\/shop\/wp-json\/wp\/v2\/comments?post=48277"}],"wp:featuredmedia":[{"embeddable":true,"href":"https:\/\/all-pets.de\/shop\/wp-json\/wp\/v2\/media\/16475"}],"wp:attachment":[{"href":"https:\/\/all-pets.de\/shop\/wp-json\/wp\/v2\/media?parent=48277"}],"wp:term":[{"taxonomy":"product_cat","embeddable":true,"href":"https:\/\/all-pets.de\/shop\/wp-json\/wp\/v2\/product_cat?post=48277"},{"taxonomy":"product_tag","embeddable":true,"href":"https:\/\/all-pets.de\/shop\/wp-json\/wp\/v2\/product_tag?post=48277"}],"curies":[{"name":"wp","href":"https:\/\/api.w.org\/{rel}","templated":true}]}}