{"id":48280,"date":"2023-12-12T10:57:24","date_gmt":"2023-12-12T09:57:24","guid":{"rendered":"https:\/\/pet-shopping.de\/shop\/produkt\/trixie-natura-kleintierhaus-grau-weiss\/"},"modified":"2023-12-12T10:57:25","modified_gmt":"2023-12-12T09:57:25","slug":"trixie-natura-kleintierhaus-grau-weiss","status":"publish","type":"product","link":"https:\/\/all-pets.de\/shop\/produkt\/trixie-natura-kleintierhaus-grau-weiss\/","title":{"rendered":"Trixie Natura Kleintierhaus &#8211; grau\/wei\u00df"},"content":{"rendered":"<ul>\n<li> aus lasiertem Kiefernholz <\/li>\n<li> Dach mit besandeter Dachpappe <\/li>\n<li> D\u00e4cher von oben zu \u00f6ffnen <\/li>\n<li> zum Aufstellen in Freilaufgehegen geeignet <\/li>\n<li> mit verschlie\u00dfbaren T\u00fcrklappen <\/li>\n<li> Beine sch\u00fctzen vor Bodenfeuchte sowie -k\u00e4lte und sorgen f\u00fcr eine gute Luftzirkulation unterhalb des Hauses <\/li>\n<li> tiergerechte Ausf\u00fchrung durch zwei Ein- bzw. Ausg\u00e4nge <\/li>\n<li>einfache Montage<\/li>\n<li>wetterfest <\/li>\n<li>Ma\u00dfe: ca. 70 x 43 x 45 cm<\/li>\n<li>H\u00f6he: ca. 43 cm<\/li>\n<li>Farbe: grau\/wei\u00df<\/li>\n<\/ul>\n","protected":false},"excerpt":{"rendered":"<p>aus lasiertem Kiefernholz Dach mit besandeter Dachpappe D\u00e4cher von oben zu \u00f6ffnen zum Aufstellen in Freilaufgehegen geeignet mit verschlie\u00dfbaren T\u00fcrklappen Beine sch\u00fctzen vor Bodenfeuchte sowie -k\u00e4lte und sorgen f\u00fcr eine gute Luftzirkulation unterhalb des Hauses tiergerechte Ausf\u00fchrung durch zwei Ein- bzw. Ausg\u00e4nge einfache Montage wetterfest Ma\u00dfe: ca. 70 x 43 x 45 cm H\u00f6he: ca. [&hellip;]<\/p>\n","protected":false},"featured_media":869,"comment_status":"closed","ping_status":"open","template":"","meta":[],"product_cat":[15052],"product_tag":[],"class_list":{"0":"post-48280","1":"product","2":"type-product","3":"status-publish","4":"has-post-thumbnail","6":"product_cat-holzhaeuser-ausstattung-zubehoer-aussenstaellekleintierwelt","8":"first","9":"instock","10":"taxable","11":"shipping-taxable","12":"purchasable","13":"product-type-simple"},"_links":{"self":[{"href":"https:\/\/all-pets.de\/shop\/wp-json\/wp\/v2\/product\/48280","targetHints":{"allow":["GET"]}}],"collection":[{"href":"https:\/\/all-pets.de\/shop\/wp-json\/wp\/v2\/product"}],"about":[{"href":"https:\/\/all-pets.de\/shop\/wp-json\/wp\/v2\/types\/product"}],"replies":[{"embeddable":true,"href":"https:\/\/all-pets.de\/shop\/wp-json\/wp\/v2\/comments?post=48280"}],"wp:featuredmedia":[{"embeddable":true,"href":"https:\/\/all-pets.de\/shop\/wp-json\/wp\/v2\/media\/869"}],"wp:attachment":[{"href":"https:\/\/all-pets.de\/shop\/wp-json\/wp\/v2\/media?parent=48280"}],"wp:term":[{"taxonomy":"product_cat","embeddable":true,"href":"https:\/\/all-pets.de\/shop\/wp-json\/wp\/v2\/product_cat?post=48280"},{"taxonomy":"product_tag","embeddable":true,"href":"https:\/\/all-pets.de\/shop\/wp-json\/wp\/v2\/product_tag?post=48280"}],"curies":[{"name":"wp","href":"https:\/\/api.w.org\/{rel}","templated":true}]}}