{"id":48284,"date":"2023-12-12T10:57:24","date_gmt":"2023-12-12T09:57:24","guid":{"rendered":"https:\/\/pet-shopping.de\/shop\/produkt\/trixie-flasher-fuer-hunde-weiss\/"},"modified":"2023-12-12T10:57:25","modified_gmt":"2023-12-12T09:57:25","slug":"trixie-flasher-fuer-hunde-weiss","status":"publish","type":"product","link":"https:\/\/all-pets.de\/shop\/produkt\/trixie-flasher-fuer-hunde-weiss\/","title":{"rendered":"Trixie Flasher f\u00fcr Hunde &#8211; wei\u00df"},"content":{"rendered":"<ul>\n<li> Blink- oder Dauerlicht einstellbar <\/li>\n<li> Silikon <\/li>\n<li> spritzwassergesch\u00fctzt <\/li>\n<li> ca. 45 Stunden Blinklicht, ca. 20 Stunden Dauerlicht <\/li>\n<li>Ma\u00dfe: ca. 2,4 \u00d7 8 cm<\/li>\n<li>Batterietyp: CR2016 (Batterie inklusive)<\/li>\n<li>bis 200m sichtbar<\/li>\n<li>diverse Farbkombinationen (eine Farbwahl ist leider nicht m\u00f6glich, da die Farbe je nach Lagerbestand gew\u00e4hlt wird)<\/li>\n<\/ul>\n","protected":false},"excerpt":{"rendered":"<p>Blink- oder Dauerlicht einstellbar Silikon spritzwassergesch\u00fctzt ca. 45 Stunden Blinklicht, ca. 20 Stunden Dauerlicht Ma\u00dfe: ca. 2,4 \u00d7 8 cm Batterietyp: CR2016 (Batterie inklusive) bis 200m sichtbar diverse Farbkombinationen (eine Farbwahl ist leider nicht m\u00f6glich, da die Farbe je nach Lagerbestand gew\u00e4hlt wird)<\/p>\n","protected":false},"featured_media":35213,"comment_status":"closed","ping_status":"open","template":"","meta":[],"product_cat":[15055],"product_tag":[],"class_list":{"0":"post-48284","1":"product","2":"type-product","3":"status-publish","4":"has-post-thumbnail","6":"product_cat-katzenadressanhaenger-blinker-katzenhalsbaender-geschirre-sicherheitkatzenwelt-unterwegs-hundeadressanhaenger-blinkerhundewelt","8":"first","9":"instock","10":"taxable","11":"shipping-taxable","12":"purchasable","13":"product-type-simple"},"_links":{"self":[{"href":"https:\/\/all-pets.de\/shop\/wp-json\/wp\/v2\/product\/48284","targetHints":{"allow":["GET"]}}],"collection":[{"href":"https:\/\/all-pets.de\/shop\/wp-json\/wp\/v2\/product"}],"about":[{"href":"https:\/\/all-pets.de\/shop\/wp-json\/wp\/v2\/types\/product"}],"replies":[{"embeddable":true,"href":"https:\/\/all-pets.de\/shop\/wp-json\/wp\/v2\/comments?post=48284"}],"wp:featuredmedia":[{"embeddable":true,"href":"https:\/\/all-pets.de\/shop\/wp-json\/wp\/v2\/media\/35213"}],"wp:attachment":[{"href":"https:\/\/all-pets.de\/shop\/wp-json\/wp\/v2\/media?parent=48284"}],"wp:term":[{"taxonomy":"product_cat","embeddable":true,"href":"https:\/\/all-pets.de\/shop\/wp-json\/wp\/v2\/product_cat?post=48284"},{"taxonomy":"product_tag","embeddable":true,"href":"https:\/\/all-pets.de\/shop\/wp-json\/wp\/v2\/product_tag?post=48284"}],"curies":[{"name":"wp","href":"https:\/\/api.w.org\/{rel}","templated":true}]}}