{"id":48291,"date":"2023-12-12T10:57:28","date_gmt":"2023-12-12T09:57:28","guid":{"rendered":"https:\/\/pet-shopping.de\/shop\/produkt\/zeus-bomber-granate\/"},"modified":"2023-12-12T10:57:28","modified_gmt":"2023-12-12T09:57:28","slug":"zeus-bomber-granate","status":"publish","type":"product","link":"https:\/\/all-pets.de\/shop\/produkt\/zeus-bomber-granate\/","title":{"rendered":"Zeus Bomber Granate"},"content":{"rendered":"<ul>\n<li>Optimal als Schleuder oder als Zieh- und Zerrspielzeug<\/li>\n<li>Erh\u00e4ltlich in orange oder schwarz<\/li>\n<li>stabile Seilschlaufe<\/li>\n<li>elastischer Gummiball<\/li>\n<li>gr\u00f6\u00dfere Schleuder-Distanzen<\/li>\n<li>Gr\u00f6\u00dfe: ca. <span class=\"entry--content\">31 x 13 x 8 cm <\/span><\/li>\n<\/ul>\n<p> Zeus ist die neue Hundespielzeuglinie aus dem Hause HAGEN. <\/p>\n<p> Bei der Entwicklung der Produkte stand die Interaktion zwischen Hund und Mensch im Vordergrund, denn Zeus Hundespielzeuge sind keine Kauspielzeuge! Werfen, treten, ziehen, suchen oder apportieren \u2013 je nach Spielzeug stecken in den verschiedenen Modellen ungeahnte M\u00f6glichkeiten. <\/p>\n<p> Ob am Wasser mit dem schwimmf\u00e4higen Ball, im Garten mit dem Zieh- und Zerrspielzeug Triple Toss oder auf der Hundewiese mit dem Wurfspielzeug Rocket, die neuen Hundespielzeuge animieren zu stundenlangem Spielspa\u00df mit Ihrem Hund! <\/p>\n<p> Die vielf\u00e4ltige Produktlinie mit ihren unterschiedlichen Anwendungsm\u00f6glichkeiten, die hochwertige Verarbeitung sowie die Verwendung von ungiftigen Materialien machen Zeus zur ersten Wahl beim Kauf eines interaktiven Hundespielzeugs.<\/p>\n","protected":false},"excerpt":{"rendered":"<p>Optimal als Schleuder oder als Zieh- und Zerrspielzeug Erh\u00e4ltlich in orange oder schwarz stabile Seilschlaufe elastischer Gummiball gr\u00f6\u00dfere Schleuder-Distanzen Gr\u00f6\u00dfe: ca. 31 x 13 x 8 cm Zeus ist die neue Hundespielzeuglinie aus dem Hause HAGEN. Bei der Entwicklung der Produkte stand die Interaktion zwischen Hund und Mensch im Vordergrund, denn Zeus Hundespielzeuge sind keine [&hellip;]<\/p>\n","protected":false},"featured_media":17096,"comment_status":"closed","ping_status":"open","template":"","meta":[],"product_cat":[13680],"product_tag":[],"class_list":{"0":"post-48291","1":"product","2":"type-product","3":"status-publish","4":"has-post-thumbnail","6":"product_cat-hundewurfspielzeug","8":"first","9":"instock","10":"taxable","11":"shipping-taxable","12":"purchasable","13":"product-type-simple"},"_links":{"self":[{"href":"https:\/\/all-pets.de\/shop\/wp-json\/wp\/v2\/product\/48291","targetHints":{"allow":["GET"]}}],"collection":[{"href":"https:\/\/all-pets.de\/shop\/wp-json\/wp\/v2\/product"}],"about":[{"href":"https:\/\/all-pets.de\/shop\/wp-json\/wp\/v2\/types\/product"}],"replies":[{"embeddable":true,"href":"https:\/\/all-pets.de\/shop\/wp-json\/wp\/v2\/comments?post=48291"}],"wp:featuredmedia":[{"embeddable":true,"href":"https:\/\/all-pets.de\/shop\/wp-json\/wp\/v2\/media\/17096"}],"wp:attachment":[{"href":"https:\/\/all-pets.de\/shop\/wp-json\/wp\/v2\/media?parent=48291"}],"wp:term":[{"taxonomy":"product_cat","embeddable":true,"href":"https:\/\/all-pets.de\/shop\/wp-json\/wp\/v2\/product_cat?post=48291"},{"taxonomy":"product_tag","embeddable":true,"href":"https:\/\/all-pets.de\/shop\/wp-json\/wp\/v2\/product_tag?post=48291"}],"curies":[{"name":"wp","href":"https:\/\/api.w.org\/{rel}","templated":true}]}}