{"id":48295,"date":"2023-12-12T10:57:28","date_gmt":"2023-12-12T09:57:28","guid":{"rendered":"https:\/\/pet-shopping.de\/shop\/produkt\/trixie-meisenknoedelhalter-2\/"},"modified":"2023-12-12T10:57:29","modified_gmt":"2023-12-12T09:57:29","slug":"trixie-meisenknoedelhalter-2","status":"publish","type":"product","link":"https:\/\/all-pets.de\/shop\/produkt\/trixie-meisenknoedelhalter-2\/","title":{"rendered":"Trixie Meisenkn\u00f6delhalter"},"content":{"rendered":"<ul>\n<li> Metall, pulverbeschichtet <\/li>\n<li> f\u00fcr 4 Meisenkn\u00f6del <\/li>\n<li> zum Aufh\u00e4ngen <\/li>\n<li>wetterfest<\/li>\n<li>Ma\u00dfe: ca. 9 x 40 cm<\/li>\n<li>Farbe: dunkelgr\u00fcn <\/li>\n<\/ul>\n","protected":false},"excerpt":{"rendered":"<p>Metall, pulverbeschichtet f\u00fcr 4 Meisenkn\u00f6del zum Aufh\u00e4ngen wetterfest Ma\u00dfe: ca. 9 x 40 cm Farbe: dunkelgr\u00fcn<\/p>\n","protected":false},"featured_media":5082,"comment_status":"closed","ping_status":"open","template":"","meta":[],"product_cat":[13879],"product_tag":[],"class_list":{"0":"post-48295","1":"product","2":"type-product","3":"status-publish","4":"has-post-thumbnail","6":"product_cat-knoedel","8":"first","9":"instock","10":"taxable","11":"shipping-taxable","12":"purchasable","13":"product-type-simple"},"_links":{"self":[{"href":"https:\/\/all-pets.de\/shop\/wp-json\/wp\/v2\/product\/48295","targetHints":{"allow":["GET"]}}],"collection":[{"href":"https:\/\/all-pets.de\/shop\/wp-json\/wp\/v2\/product"}],"about":[{"href":"https:\/\/all-pets.de\/shop\/wp-json\/wp\/v2\/types\/product"}],"replies":[{"embeddable":true,"href":"https:\/\/all-pets.de\/shop\/wp-json\/wp\/v2\/comments?post=48295"}],"wp:featuredmedia":[{"embeddable":true,"href":"https:\/\/all-pets.de\/shop\/wp-json\/wp\/v2\/media\/5082"}],"wp:attachment":[{"href":"https:\/\/all-pets.de\/shop\/wp-json\/wp\/v2\/media?parent=48295"}],"wp:term":[{"taxonomy":"product_cat","embeddable":true,"href":"https:\/\/all-pets.de\/shop\/wp-json\/wp\/v2\/product_cat?post=48295"},{"taxonomy":"product_tag","embeddable":true,"href":"https:\/\/all-pets.de\/shop\/wp-json\/wp\/v2\/product_tag?post=48295"}],"curies":[{"name":"wp","href":"https:\/\/api.w.org\/{rel}","templated":true}]}}