{"id":48297,"date":"2023-12-12T10:57:28","date_gmt":"2023-12-12T09:57:28","guid":{"rendered":"https:\/\/pet-shopping.de\/shop\/produkt\/trixie-fellpflege-handschuh-2\/"},"modified":"2023-12-12T10:57:29","modified_gmt":"2023-12-12T09:57:29","slug":"trixie-fellpflege-handschuh-2","status":"publish","type":"product","link":"https:\/\/all-pets.de\/shop\/produkt\/trixie-fellpflege-handschuh-2\/","title":{"rendered":"Trixie Fellpflege-Handschuh"},"content":{"rendered":"<ul>\n<li>Massage &#038; Glanz <\/li>\n<li>auch f\u00fcr empfindliche und junge Tiere <\/li>\n<li> befreit das Fell von abgestorbenen Haaren und Staub <\/li>\n<li> verleiht dem Fell einen seidigen Glanz <\/li>\n<li> massiert die Haut und f\u00f6rdert die Durchblutung <\/li>\n<li> mit Klettverschluss f\u00fcr einen sicheren Sitz <\/li>\n<li> hoher Tragekomfort durch angenehmes Mesh-Material<\/li>\n<li>geeignet f\u00fcr Kurz-\/Glatthaar und Rauhaar<\/li>\n<li>Ma\u00dfe: ca. 16 x 24 cm<\/li>\n<\/ul>\n","protected":false},"excerpt":{"rendered":"<p>Massage &#038; Glanz auch f\u00fcr empfindliche und junge Tiere befreit das Fell von abgestorbenen Haaren und Staub verleiht dem Fell einen seidigen Glanz massiert die Haut und f\u00f6rdert die Durchblutung mit Klettverschluss f\u00fcr einen sicheren Sitz hoher Tragekomfort durch angenehmes Mesh-Material geeignet f\u00fcr Kurz-\/Glatthaar und Rauhaar Ma\u00dfe: ca. 16 x 24 cm<\/p>\n","protected":false},"featured_media":20221,"comment_status":"closed","ping_status":"open","template":"","meta":[],"product_cat":[15058],"product_tag":[],"class_list":{"0":"post-48297","1":"product","2":"type-product","3":"status-publish","4":"has-post-thumbnail","6":"product_cat-katzenbuersten-striegel-fellpflege-pflege-gesundheit-pflege-handschuhekatzenwelt","8":"first","9":"instock","10":"taxable","11":"shipping-taxable","12":"purchasable","13":"product-type-simple"},"_links":{"self":[{"href":"https:\/\/all-pets.de\/shop\/wp-json\/wp\/v2\/product\/48297","targetHints":{"allow":["GET"]}}],"collection":[{"href":"https:\/\/all-pets.de\/shop\/wp-json\/wp\/v2\/product"}],"about":[{"href":"https:\/\/all-pets.de\/shop\/wp-json\/wp\/v2\/types\/product"}],"replies":[{"embeddable":true,"href":"https:\/\/all-pets.de\/shop\/wp-json\/wp\/v2\/comments?post=48297"}],"wp:featuredmedia":[{"embeddable":true,"href":"https:\/\/all-pets.de\/shop\/wp-json\/wp\/v2\/media\/20221"}],"wp:attachment":[{"href":"https:\/\/all-pets.de\/shop\/wp-json\/wp\/v2\/media?parent=48297"}],"wp:term":[{"taxonomy":"product_cat","embeddable":true,"href":"https:\/\/all-pets.de\/shop\/wp-json\/wp\/v2\/product_cat?post=48297"},{"taxonomy":"product_tag","embeddable":true,"href":"https:\/\/all-pets.de\/shop\/wp-json\/wp\/v2\/product_tag?post=48297"}],"curies":[{"name":"wp","href":"https:\/\/api.w.org\/{rel}","templated":true}]}}